{"id":3185,"date":"2024-11-26T09:32:14","date_gmt":"2024-11-26T09:32:14","guid":{"rendered":"https:\/\/cartoriolisboa.pt\/notaria\/"},"modified":"2025-04-03T16:21:58","modified_gmt":"2025-04-03T16:21:58","slug":"notary","status":"publish","type":"page","link":"https:\/\/cartoriolisboa.pt\/en\/notary\/","title":{"rendered":"NOTARY"},"content":{"rendered":"<div id='av_section_1'  class='avia-section av-10d9s-f6565325238af4a09c5b7410547e13b2 main_color avia-section-default avia-no-border-styling  avia-builder-el-0  avia-builder-el-no-sibling  avia-bg-style-scroll container_wrap fullsize'  ><div class='container av-section-cont-open' ><main  role=\"main\" itemprop=\"mainContentOfPage\"  class='template-page content  av-content-full alpha units'><div class='post-entry post-entry-type-page post-entry-3185'><div class='entry-content-wrapper clearfix'>\n\n<style type=\"text\/css\" data-created_by=\"avia_inline_auto\" id=\"style-css-av-370zyk-a54f74aa2b5779c222ee9c6e55330672\">\n#top .av-special-heading.av-370zyk-a54f74aa2b5779c222ee9c6e55330672{\npadding-bottom:10px;\n}\nbody .av-special-heading.av-370zyk-a54f74aa2b5779c222ee9c6e55330672 .av-special-heading-tag .heading-char{\nfont-size:25px;\n}\n.av-special-heading.av-370zyk-a54f74aa2b5779c222ee9c6e55330672 .av-subheading{\nfont-size:15px;\n}\n<\/style>\n<div  class='av-special-heading av-370zyk-a54f74aa2b5779c222ee9c6e55330672 av-special-heading-h1 blockquote modern-quote modern-centered  avia-builder-el-1  el_before_av_textblock  avia-builder-el-first  av-linked-heading'><h1 class='av-special-heading-tag '  itemprop=\"headline\"  >DIOVANA BARBIERI<\/h1><div class=\"special-heading-border\"><div class=\"special-heading-inner-border\"><\/div><\/div><\/div>\n<section  class='av_textblock_section av-k8rujvj4-605bbaf9ebba3e483b26959086d4676f '   itemscope=\"itemscope\" itemtype=\"https:\/\/schema.org\/CreativeWork\" ><div class='avia_textblock'  itemprop=\"text\" ><section class=\"av_textblock_section av-k8rujvj4-ce345c3301f99d913309b1455715563f \">\n<div class=\"avia_textblock\">\n<p style=\"text-align: center;\">The Notary Public holds a PhD in \u201cNew Trends in Private Law\u201d from the University of Salamanca (USAL), Spain (2013);<\/p>\n<p style=\"text-align: center;\">She holds a Master\u2019s Degree in Civil Law Sciences from the School of Law of Coimbra University (2005);<\/p>\n<p style=\"text-align: center;\">Postgraduate degree in Human Rights Law by the Ius Gentium Conimbrigae, School of Law of Coimbra University (2004);<\/p>\n<p style=\"text-align: center;\">Postgraduate degree in Civil Liability and Consumer Law by the Curitiba Law School, Brazil (2001);<\/p>\n<p style=\"text-align: center;\">Degree in Law by the Pontifical Catholic University of Paran\u00e1 &#8211; BR (2001).<\/p>\n<p style=\"text-align: center;\">She has worked as a notary since March 2016 and has her Notary Office in Sintra since January 2017.<\/p>\n<p style=\"text-align: center;\">She is an invited professor at CENOR \u2013 Centre for Notary and Registrar Studies, of the School of Law of Coimbra University in the Postgraduate course in Notary and Registrar Law.<\/p>\n<p style=\"text-align: center;\">She has worked as a lawyer, taught Law at the Campo Real Faculties (BR); researcher and scholar of the European Union in the RTN \u2013 Fundamental Rights and Private Law; Law professor and coordinator of the Law Degree at Faneesp University (BR); researcher and scholar of FCT \u2013 Foundation of Science and Technology, Portuguese Ministry of Education.<\/p>\n<\/div>\n<\/section>\n<section class=\"av_textblock_section av-k8rujvj4-ce345c3301f99d913309b1455715563f \">\n<div class=\"avia_textblock\"><\/div>\n<\/section>\n<div class=\"hr av-kizzsxf0-27fe966858f1385aa7bbeaa08f3d3203 hr-invisible avia-builder-el-5 el_after_av_textblock el_before_av_textblock \"><\/div>\n<section class=\"av_textblock_section av-k8rujvj4-ce345c3301f99d913309b1455715563f \">\n<div class=\"avia_textblock\">\n<p style=\"text-align: center;\">She has published the following books:<\/p>\n<ol>\n<li>Cl\u00e1usulas excludentes e limitativas da responsabilidade civil nas rela\u00e7\u00f5es de consumo: um estudo civil-constitucional. 1. ed. Lumen Iuris, 2018.<\/li>\n<li>A Prote\u00e7\u00e3o do consumidor no com\u00e9rcio eletr\u00f4nico \u2013 estudo comparado \u00e0 luz dos ordenamentos jur\u00eddicos brasileiro e portugu\u00eas. 1. ed. Curitiba: 2013. v. 1. 258p.<\/li>\n<li>Direitos fundamentais dos consumidores. A sua aplicabilidade direta nas rela\u00e7\u00f5es jur\u00eddico privadas, \u00e0 luz dos ordenamentos jur\u00eddicos da Espanha, Portugal e Brasil. 1. ed. Lisboa: Juru\u00e1, 2012. v. 1. 142p.<\/li>\n<\/ol>\n<p style=\"text-align: center;\">She has also published several select chapters in books, as well as legal articles whose titles are referred to below<\/p>\n<\/div>\n<\/section>\n<\/div><\/section>\n<div  class='avia-button-wrap av-khuhoxtz-dfa13f8d4f716cb549926121d9422d52-wrap avia-button-center  avia-builder-el-3  el_after_av_textblock  avia-builder-el-last '><a href='https:\/\/orcid.org\/0000-0003-4709-8351'  class='avia-button av-khuhoxtz-dfa13f8d4f716cb549926121d9422d52 av-link-btn avia-icon_select-no avia-size-large avia-position-center avia-color-theme-color'  target=\"_blank\"  rel=\"noopener noreferrer\"  aria-label=\"CURR\u00cdCULO DIOVANA BARBIERI\"><span class='avia_iconbox_title' >CURR\u00cdCULO DIOVANA BARBIERI<\/span><\/a><\/div>\n\n","protected":false},"excerpt":{"rendered":"","protected":false},"author":6,"featured_media":0,"parent":0,"menu_order":0,"comment_status":"closed","ping_status":"closed","template":"","meta":{"footnotes":""},"class_list":["post-3185","page","type-page","status-publish","hentry"],"yoast_head":"<!-- This site is optimized with the Yoast SEO plugin v27.4 - https:\/\/yoast.com\/product\/yoast-seo-wordpress\/ -->\n<title>NOTARY | Jo\u00e3o Maia Rodrigues<\/title>\n<meta name=\"description\" content=\"The Notary Public holds a PhD in \u201cNew Trends in Private Law\u201d from the University of Salamanca (USAL)\" \/>\n<meta name=\"robots\" content=\"index, follow, max-snippet:-1, max-image-preview:large, max-video-preview:-1\" \/>\n<link rel=\"canonical\" href=\"https:\/\/cartoriolisboa.pt\/en\/notary\/\" \/>\n<meta property=\"og:locale\" content=\"en_US\" \/>\n<meta property=\"og:type\" content=\"article\" \/>\n<meta property=\"og:title\" content=\"NOTARY | Jo\u00e3o Maia Rodrigues\" \/>\n<meta property=\"og:description\" content=\"The Notary Public holds a PhD in \u201cNew Trends in Private Law\u201d from the University of Salamanca (USAL)\" \/>\n<meta property=\"og:url\" content=\"https:\/\/cartoriolisboa.pt\/en\/notary\/\" \/>\n<meta property=\"og:site_name\" content=\"Jo\u00e3o Maia Rodrigues\" \/>\n<meta property=\"article:publisher\" content=\"https:\/\/www.facebook.com\/diovana.barbieri\" \/>\n<meta property=\"article:modified_time\" content=\"2025-04-03T16:21:58+00:00\" \/>\n<meta name=\"twitter:card\" content=\"summary_large_image\" \/>\n<meta name=\"twitter:label1\" content=\"Est. reading time\" \/>\n\t<meta name=\"twitter:data1\" content=\"2 minutes\" \/>\n<script type=\"application\/ld+json\" class=\"yoast-schema-graph\">{\"@context\":\"https:\\\/\\\/schema.org\",\"@graph\":[{\"@type\":\"WebPage\",\"@id\":\"https:\\\/\\\/cartoriolisboa.pt\\\/en\\\/notary\\\/\",\"url\":\"https:\\\/\\\/cartoriolisboa.pt\\\/en\\\/notary\\\/\",\"name\":\"NOTARY | Jo\u00e3o Maia Rodrigues\",\"isPartOf\":{\"@id\":\"https:\\\/\\\/cartoriolisboa.pt\\\/en\\\/#website\"},\"datePublished\":\"2024-11-26T09:32:14+00:00\",\"dateModified\":\"2025-04-03T16:21:58+00:00\",\"description\":\"The Notary Public holds a PhD in \u201cNew Trends in Private Law\u201d from the University of Salamanca (USAL)\",\"breadcrumb\":{\"@id\":\"https:\\\/\\\/cartoriolisboa.pt\\\/en\\\/notary\\\/#breadcrumb\"},\"inLanguage\":\"en-US\",\"potentialAction\":[{\"@type\":\"ReadAction\",\"target\":[\"https:\\\/\\\/cartoriolisboa.pt\\\/en\\\/notary\\\/\"]}]},{\"@type\":\"BreadcrumbList\",\"@id\":\"https:\\\/\\\/cartoriolisboa.pt\\\/en\\\/notary\\\/#breadcrumb\",\"itemListElement\":[{\"@type\":\"ListItem\",\"position\":1,\"name\":\"In\u00edcio\",\"item\":\"https:\\\/\\\/cartoriolisboa.pt\\\/en\\\/home\\\/\"},{\"@type\":\"ListItem\",\"position\":2,\"name\":\"NOTARY\"}]},{\"@type\":\"WebSite\",\"@id\":\"https:\\\/\\\/cartoriolisboa.pt\\\/en\\\/#website\",\"url\":\"https:\\\/\\\/cartoriolisboa.pt\\\/en\\\/\",\"name\":\"Diovana Barbieri\",\"description\":\"Cart\u00f3rio Notarial\",\"publisher\":{\"@id\":\"https:\\\/\\\/cartoriolisboa.pt\\\/en\\\/#organization\"},\"potentialAction\":[{\"@type\":\"SearchAction\",\"target\":{\"@type\":\"EntryPoint\",\"urlTemplate\":\"https:\\\/\\\/cartoriolisboa.pt\\\/en\\\/?s={search_term_string}\"},\"query-input\":{\"@type\":\"PropertyValueSpecification\",\"valueRequired\":true,\"valueName\":\"search_term_string\"}}],\"inLanguage\":\"en-US\"},{\"@type\":\"Organization\",\"@id\":\"https:\\\/\\\/cartoriolisboa.pt\\\/en\\\/#organization\",\"name\":\"Diovana Barbieri\",\"url\":\"https:\\\/\\\/cartoriolisboa.pt\\\/en\\\/\",\"logo\":{\"@type\":\"ImageObject\",\"inLanguage\":\"en-US\",\"@id\":\"https:\\\/\\\/cartoriolisboa.pt\\\/en\\\/#\\\/schema\\\/logo\\\/image\\\/\",\"url\":\"\",\"contentUrl\":\"\",\"caption\":\"Diovana Barbieri\"},\"image\":{\"@id\":\"https:\\\/\\\/cartoriolisboa.pt\\\/en\\\/#\\\/schema\\\/logo\\\/image\\\/\"},\"sameAs\":[\"https:\\\/\\\/www.facebook.com\\\/diovana.barbieri\",\"https:\\\/\\\/pt.linkedin.com\\\/in\\\/diovana-barbieri-95741717\"]}]}<\/script>\n<!-- \/ Yoast SEO plugin. -->","yoast_head_json":{"title":"NOTARY | Jo\u00e3o Maia Rodrigues","description":"The Notary Public holds a PhD in \u201cNew Trends in Private Law\u201d from the University of Salamanca (USAL)","robots":{"index":"index","follow":"follow","max-snippet":"max-snippet:-1","max-image-preview":"max-image-preview:large","max-video-preview":"max-video-preview:-1"},"canonical":"https:\/\/cartoriolisboa.pt\/en\/notary\/","og_locale":"en_US","og_type":"article","og_title":"NOTARY | Jo\u00e3o Maia Rodrigues","og_description":"The Notary Public holds a PhD in \u201cNew Trends in Private Law\u201d from the University of Salamanca (USAL)","og_url":"https:\/\/cartoriolisboa.pt\/en\/notary\/","og_site_name":"Jo\u00e3o Maia Rodrigues","article_publisher":"https:\/\/www.facebook.com\/diovana.barbieri","article_modified_time":"2025-04-03T16:21:58+00:00","twitter_card":"summary_large_image","twitter_misc":{"Est. reading time":"2 minutes"},"schema":{"@context":"https:\/\/schema.org","@graph":[{"@type":"WebPage","@id":"https:\/\/cartoriolisboa.pt\/en\/notary\/","url":"https:\/\/cartoriolisboa.pt\/en\/notary\/","name":"NOTARY | Jo\u00e3o Maia Rodrigues","isPartOf":{"@id":"https:\/\/cartoriolisboa.pt\/en\/#website"},"datePublished":"2024-11-26T09:32:14+00:00","dateModified":"2025-04-03T16:21:58+00:00","description":"The Notary Public holds a PhD in \u201cNew Trends in Private Law\u201d from the University of Salamanca (USAL)","breadcrumb":{"@id":"https:\/\/cartoriolisboa.pt\/en\/notary\/#breadcrumb"},"inLanguage":"en-US","potentialAction":[{"@type":"ReadAction","target":["https:\/\/cartoriolisboa.pt\/en\/notary\/"]}]},{"@type":"BreadcrumbList","@id":"https:\/\/cartoriolisboa.pt\/en\/notary\/#breadcrumb","itemListElement":[{"@type":"ListItem","position":1,"name":"In\u00edcio","item":"https:\/\/cartoriolisboa.pt\/en\/home\/"},{"@type":"ListItem","position":2,"name":"NOTARY"}]},{"@type":"WebSite","@id":"https:\/\/cartoriolisboa.pt\/en\/#website","url":"https:\/\/cartoriolisboa.pt\/en\/","name":"Diovana Barbieri","description":"Cart\u00f3rio Notarial","publisher":{"@id":"https:\/\/cartoriolisboa.pt\/en\/#organization"},"potentialAction":[{"@type":"SearchAction","target":{"@type":"EntryPoint","urlTemplate":"https:\/\/cartoriolisboa.pt\/en\/?s={search_term_string}"},"query-input":{"@type":"PropertyValueSpecification","valueRequired":true,"valueName":"search_term_string"}}],"inLanguage":"en-US"},{"@type":"Organization","@id":"https:\/\/cartoriolisboa.pt\/en\/#organization","name":"Diovana Barbieri","url":"https:\/\/cartoriolisboa.pt\/en\/","logo":{"@type":"ImageObject","inLanguage":"en-US","@id":"https:\/\/cartoriolisboa.pt\/en\/#\/schema\/logo\/image\/","url":"","contentUrl":"","caption":"Diovana Barbieri"},"image":{"@id":"https:\/\/cartoriolisboa.pt\/en\/#\/schema\/logo\/image\/"},"sameAs":["https:\/\/www.facebook.com\/diovana.barbieri","https:\/\/pt.linkedin.com\/in\/diovana-barbieri-95741717"]}]}},"_links":{"self":[{"href":"https:\/\/cartoriolisboa.pt\/en\/wp-json\/wp\/v2\/pages\/3185","targetHints":{"allow":["GET"]}}],"collection":[{"href":"https:\/\/cartoriolisboa.pt\/en\/wp-json\/wp\/v2\/pages"}],"about":[{"href":"https:\/\/cartoriolisboa.pt\/en\/wp-json\/wp\/v2\/types\/page"}],"author":[{"embeddable":true,"href":"https:\/\/cartoriolisboa.pt\/en\/wp-json\/wp\/v2\/users\/6"}],"replies":[{"embeddable":true,"href":"https:\/\/cartoriolisboa.pt\/en\/wp-json\/wp\/v2\/comments?post=3185"}],"version-history":[{"count":3,"href":"https:\/\/cartoriolisboa.pt\/en\/wp-json\/wp\/v2\/pages\/3185\/revisions"}],"predecessor-version":[{"id":3910,"href":"https:\/\/cartoriolisboa.pt\/en\/wp-json\/wp\/v2\/pages\/3185\/revisions\/3910"}],"wp:attachment":[{"href":"https:\/\/cartoriolisboa.pt\/en\/wp-json\/wp\/v2\/media?parent=3185"}],"curies":[{"name":"wp","href":"https:\/\/api.w.org\/{rel}","templated":true}]}}