{"id":3231,"date":"2020-10-26T15:37:42","date_gmt":"2020-10-26T15:37:42","guid":{"rendered":"https:\/\/cartoriolisboa.pt\/convencao-antenupcial\/"},"modified":"2025-03-30T15:30:18","modified_gmt":"2025-03-30T15:30:18","slug":"prenuptial-agreement","status":"publish","type":"page","link":"https:\/\/cartoriolisboa.pt\/en\/family-law\/prenuptial-agreement\/","title":{"rendered":"Prenuptial Agreement"},"content":{"rendered":"\n<style type=\"text\/css\" data-created_by=\"avia_inline_auto\" id=\"style-css-av-k8ruodqu-7a198c1b8ace60520b94792dd4673368\">\n.avia-section.av-k8ruodqu-7a198c1b8ace60520b94792dd4673368{\nbackground-repeat:no-repeat;\nbackground-image:url(https:\/\/cartoriolisboa.pt\/wp-content\/uploads\/Convencao-antenupcial.jpg);\nbackground-position:50% 50%;\nbackground-attachment:scroll;\n}\n.avia-section.av-k8ruodqu-7a198c1b8ace60520b94792dd4673368 .av-section-color-overlay{\nopacity:0.6;\nbackground-color:#000000;\n}\n<\/style>\n<div id='av_section_1'  class='avia-section av-k8ruodqu-7a198c1b8ace60520b94792dd4673368 main_color avia-section-default avia-no-border-styling  avia-builder-el-0  el_before_av_section  avia-builder-el-first  avia-full-stretch avia-bg-style-scroll av-section-color-overlay-active av-minimum-height av-minimum-height-50 av-height-50  container_wrap fullsize'  data-section-bg-repeat='stretch' data-av_minimum_height_pc='50' data-av_min_height_opt='50'><div class=\"av-section-color-overlay-wrap\"><div class=\"av-section-color-overlay\"><\/div><div class='container av-section-cont-open' ><main  role=\"main\" itemprop=\"mainContentOfPage\"  class='template-page content  av-content-full alpha units'><div class='post-entry post-entry-type-page post-entry-3231'><div class='entry-content-wrapper clearfix'>\n\n<style type=\"text\/css\" data-created_by=\"avia_inline_auto\" id=\"style-css-av-oicm-12a02c9b960c96e7390c87a6664d98e8\">\n#top .av-special-heading.av-oicm-12a02c9b960c96e7390c87a6664d98e8{\nmargin:25px 0 0 0;\npadding-bottom:0;\ncolor:#ffffff;\nfont-size:55px;\n}\nbody .av-special-heading.av-oicm-12a02c9b960c96e7390c87a6664d98e8 .av-special-heading-tag .heading-char{\nfont-size:25px;\n}\n#top #wrap_all .av-special-heading.av-oicm-12a02c9b960c96e7390c87a6664d98e8 .av-special-heading-tag{\nfont-size:55px;\n}\n.av-special-heading.av-oicm-12a02c9b960c96e7390c87a6664d98e8 .special-heading-inner-border{\nborder-color:#ffffff;\n}\n.av-special-heading.av-oicm-12a02c9b960c96e7390c87a6664d98e8 .av-subheading{\nfont-size:15px;\n}\n\n@media only screen and (min-width: 480px) and (max-width: 767px){ \n#top #wrap_all .av-special-heading.av-oicm-12a02c9b960c96e7390c87a6664d98e8 .av-special-heading-tag{\nfont-size:0.8em;\n}\n}\n\n@media only screen and (max-width: 479px){ \n#top #wrap_all .av-special-heading.av-oicm-12a02c9b960c96e7390c87a6664d98e8 .av-special-heading-tag{\nfont-size:0.8em;\n}\n}\n<\/style>\n<div  class='av-special-heading av-oicm-12a02c9b960c96e7390c87a6664d98e8 av-special-heading-h1 custom-color-heading blockquote modern-quote modern-centered  avia-builder-el-1  avia-builder-el-no-sibling  av-inherit-size av-linked-heading'><h1 class='av-special-heading-tag '  itemprop=\"headline\"  >Prenuptial Agreement<\/h1><div class=\"special-heading-border\"><div class=\"special-heading-inner-border\"><\/div><\/div><\/div>\n<\/div><\/div><\/main><!-- close content main element --><\/div><\/div><\/div><div id='av_section_2'  class='avia-section av-10d9s-f6565325238af4a09c5b7410547e13b2 main_color avia-section-default avia-no-border-styling  avia-builder-el-2  el_after_av_section  avia-builder-el-last  avia-bg-style-scroll container_wrap fullsize'  ><div class='container av-section-cont-open' ><div class='template-page content  av-content-full alpha units'><div class='post-entry post-entry-type-page post-entry-3231'><div class='entry-content-wrapper clearfix'>\n<section  class='av_textblock_section av-k8rujvj4-605bbaf9ebba3e483b26959086d4676f '   itemscope=\"itemscope\" itemtype=\"https:\/\/schema.org\/CreativeWork\" ><div class='avia_textblock'  itemprop=\"text\" ><p style=\"text-align: center;\">A prenuptial agreement is a contract entered into by the bride and groom in order to regulate the property relations during their future marriage, whenever they do not wish to accept the subsidiary regime established by law.<\/p>\n<p style=\"text-align: center;\">They can choose one of the regimes provided for in the Civil Code or stipulate whatever they wish, within the limits of the law (cf. art. 1698 of the Civil Code). 1698 of the Civil Code).<\/p>\n<p style=\"text-align: center;\">It may contain, among others: marital donations (cf. art. 1754 and 1756 of the Civil Code), the institution of an heir or appointment of a legatee or the reciprocal renunciation of the status of lawful heir of the spouse, if the mandatory or agreed marital property regime is separate property (cf. Art. 1707-A of the Civil Code).<\/p>\n<p style=\"text-align: center;\">It is executed by means of a public deed (cf. art. 1710 of the Civil Code), before the marriage and expires if the marriage does not take place within one year (cf. art. 1716 of the Civil Code).<\/p>\n<p style=\"text-align: center;\">It can be freely modified or revoked, but only until the marriage takes place (cf. art. 1712).<\/p>\n<p style=\"text-align: center;\">The Jo\u00e3o Maia Rodrigues and Diovana Barbieri Notary Office is ready to assist you in this process.<\/p>\n<\/div><\/section>\n<\/p>\n","protected":false},"excerpt":{"rendered":"","protected":false},"author":1,"featured_media":0,"parent":3917,"menu_order":2,"comment_status":"closed","ping_status":"closed","template":"","meta":{"footnotes":""},"class_list":["post-3231","page","type-page","status-publish","hentry"],"yoast_head":"<!-- This site is optimized with the Yoast SEO plugin v27.4 - https:\/\/yoast.com\/product\/yoast-seo-wordpress\/ -->\n<title>Prenuptial Agreement | Jo\u00e3o Maia Rodrigues<\/title>\n<meta name=\"description\" content=\"Conven\u00e7\u00e3o antenupcial \u00e9 um contrato celebrado pelos nubentes, com o objetivo de regular as rela\u00e7\u00f5es patrimoniais na const\u00e2ncia do casamento que ir\u00e3o contrair, sempre que n\u00e3o queiram aceitar o regime supletivo estabelecido na lei.A prenuptial agreement is a contract entered into by the bride and groom in order to regulate the property relations during their future marriage, whenever they do not wish to accept the subsidiary regime established by law.\" \/>\n<meta name=\"robots\" content=\"index, follow, max-snippet:-1, max-image-preview:large, max-video-preview:-1\" \/>\n<link rel=\"canonical\" href=\"https:\/\/cartoriolisboa.pt\/en\/family-law\/prenuptial-agreement\/\" \/>\n<meta property=\"og:locale\" content=\"en_US\" \/>\n<meta property=\"og:type\" content=\"article\" \/>\n<meta property=\"og:title\" content=\"Prenuptial Agreement | Jo\u00e3o Maia Rodrigues\" \/>\n<meta property=\"og:description\" content=\"Conven\u00e7\u00e3o antenupcial \u00e9 um contrato celebrado pelos nubentes, com o objetivo de regular as rela\u00e7\u00f5es patrimoniais na const\u00e2ncia do casamento que ir\u00e3o contrair, sempre que n\u00e3o queiram aceitar o regime supletivo estabelecido na lei.A prenuptial agreement is a contract entered into by the bride and groom in order to regulate the property relations during their future marriage, whenever they do not wish to accept the subsidiary regime established by law.\" \/>\n<meta property=\"og:url\" content=\"https:\/\/cartoriolisboa.pt\/en\/family-law\/prenuptial-agreement\/\" \/>\n<meta property=\"og:site_name\" content=\"Jo\u00e3o Maia Rodrigues\" \/>\n<meta property=\"article:publisher\" content=\"https:\/\/www.facebook.com\/diovana.barbieri\" \/>\n<meta property=\"article:modified_time\" content=\"2025-03-30T15:30:18+00:00\" \/>\n<meta name=\"twitter:card\" content=\"summary_large_image\" \/>\n<meta name=\"twitter:label1\" content=\"Est. reading time\" \/>\n\t<meta name=\"twitter:data1\" content=\"2 minutes\" \/>\n<script type=\"application\/ld+json\" class=\"yoast-schema-graph\">{\"@context\":\"https:\\\/\\\/schema.org\",\"@graph\":[{\"@type\":\"WebPage\",\"@id\":\"https:\\\/\\\/cartoriolisboa.pt\\\/en\\\/family-law\\\/prenuptial-agreement\\\/\",\"url\":\"https:\\\/\\\/cartoriolisboa.pt\\\/en\\\/family-law\\\/prenuptial-agreement\\\/\",\"name\":\"Prenuptial Agreement | Jo\u00e3o Maia Rodrigues\",\"isPartOf\":{\"@id\":\"https:\\\/\\\/cartoriolisboa.pt\\\/en\\\/#website\"},\"datePublished\":\"2020-10-26T15:37:42+00:00\",\"dateModified\":\"2025-03-30T15:30:18+00:00\",\"description\":\"Conven\u00e7\u00e3o antenupcial \u00e9 um contrato celebrado pelos nubentes, com o objetivo de regular as rela\u00e7\u00f5es patrimoniais na const\u00e2ncia do casamento que ir\u00e3o contrair, sempre que n\u00e3o queiram aceitar o regime supletivo estabelecido na lei.A prenuptial agreement is a contract entered into by the bride and groom in order to regulate the property relations during their future marriage, whenever they do not wish to accept the subsidiary regime established by law.\",\"breadcrumb\":{\"@id\":\"https:\\\/\\\/cartoriolisboa.pt\\\/en\\\/family-law\\\/prenuptial-agreement\\\/#breadcrumb\"},\"inLanguage\":\"en-US\",\"potentialAction\":[{\"@type\":\"ReadAction\",\"target\":[\"https:\\\/\\\/cartoriolisboa.pt\\\/en\\\/family-law\\\/prenuptial-agreement\\\/\"]}]},{\"@type\":\"BreadcrumbList\",\"@id\":\"https:\\\/\\\/cartoriolisboa.pt\\\/en\\\/family-law\\\/prenuptial-agreement\\\/#breadcrumb\",\"itemListElement\":[{\"@type\":\"ListItem\",\"position\":1,\"name\":\"In\u00edcio\",\"item\":\"https:\\\/\\\/cartoriolisboa.pt\\\/en\\\/home\\\/\"},{\"@type\":\"ListItem\",\"position\":2,\"name\":\"Prenuptial Agreement\"}]},{\"@type\":\"WebSite\",\"@id\":\"https:\\\/\\\/cartoriolisboa.pt\\\/en\\\/#website\",\"url\":\"https:\\\/\\\/cartoriolisboa.pt\\\/en\\\/\",\"name\":\"Diovana Barbieri\",\"description\":\"Cart\u00f3rio Notarial\",\"publisher\":{\"@id\":\"https:\\\/\\\/cartoriolisboa.pt\\\/en\\\/#organization\"},\"potentialAction\":[{\"@type\":\"SearchAction\",\"target\":{\"@type\":\"EntryPoint\",\"urlTemplate\":\"https:\\\/\\\/cartoriolisboa.pt\\\/en\\\/?s={search_term_string}\"},\"query-input\":{\"@type\":\"PropertyValueSpecification\",\"valueRequired\":true,\"valueName\":\"search_term_string\"}}],\"inLanguage\":\"en-US\"},{\"@type\":\"Organization\",\"@id\":\"https:\\\/\\\/cartoriolisboa.pt\\\/en\\\/#organization\",\"name\":\"Diovana Barbieri\",\"url\":\"https:\\\/\\\/cartoriolisboa.pt\\\/en\\\/\",\"logo\":{\"@type\":\"ImageObject\",\"inLanguage\":\"en-US\",\"@id\":\"https:\\\/\\\/cartoriolisboa.pt\\\/en\\\/#\\\/schema\\\/logo\\\/image\\\/\",\"url\":\"\",\"contentUrl\":\"\",\"caption\":\"Diovana Barbieri\"},\"image\":{\"@id\":\"https:\\\/\\\/cartoriolisboa.pt\\\/en\\\/#\\\/schema\\\/logo\\\/image\\\/\"},\"sameAs\":[\"https:\\\/\\\/www.facebook.com\\\/diovana.barbieri\",\"https:\\\/\\\/pt.linkedin.com\\\/in\\\/diovana-barbieri-95741717\"]}]}<\/script>\n<!-- \/ Yoast SEO plugin. -->","yoast_head_json":{"title":"Prenuptial Agreement | Jo\u00e3o Maia Rodrigues","description":"Conven\u00e7\u00e3o antenupcial \u00e9 um contrato celebrado pelos nubentes, com o objetivo de regular as rela\u00e7\u00f5es patrimoniais na const\u00e2ncia do casamento que ir\u00e3o contrair, sempre que n\u00e3o queiram aceitar o regime supletivo estabelecido na lei.A prenuptial agreement is a contract entered into by the bride and groom in order to regulate the property relations during their future marriage, whenever they do not wish to accept the subsidiary regime established by law.","robots":{"index":"index","follow":"follow","max-snippet":"max-snippet:-1","max-image-preview":"max-image-preview:large","max-video-preview":"max-video-preview:-1"},"canonical":"https:\/\/cartoriolisboa.pt\/en\/family-law\/prenuptial-agreement\/","og_locale":"en_US","og_type":"article","og_title":"Prenuptial Agreement | Jo\u00e3o Maia Rodrigues","og_description":"Conven\u00e7\u00e3o antenupcial \u00e9 um contrato celebrado pelos nubentes, com o objetivo de regular as rela\u00e7\u00f5es patrimoniais na const\u00e2ncia do casamento que ir\u00e3o contrair, sempre que n\u00e3o queiram aceitar o regime supletivo estabelecido na lei.A prenuptial agreement is a contract entered into by the bride and groom in order to regulate the property relations during their future marriage, whenever they do not wish to accept the subsidiary regime established by law.","og_url":"https:\/\/cartoriolisboa.pt\/en\/family-law\/prenuptial-agreement\/","og_site_name":"Jo\u00e3o Maia Rodrigues","article_publisher":"https:\/\/www.facebook.com\/diovana.barbieri","article_modified_time":"2025-03-30T15:30:18+00:00","twitter_card":"summary_large_image","twitter_misc":{"Est. reading time":"2 minutes"},"schema":{"@context":"https:\/\/schema.org","@graph":[{"@type":"WebPage","@id":"https:\/\/cartoriolisboa.pt\/en\/family-law\/prenuptial-agreement\/","url":"https:\/\/cartoriolisboa.pt\/en\/family-law\/prenuptial-agreement\/","name":"Prenuptial Agreement | Jo\u00e3o Maia Rodrigues","isPartOf":{"@id":"https:\/\/cartoriolisboa.pt\/en\/#website"},"datePublished":"2020-10-26T15:37:42+00:00","dateModified":"2025-03-30T15:30:18+00:00","description":"Conven\u00e7\u00e3o antenupcial \u00e9 um contrato celebrado pelos nubentes, com o objetivo de regular as rela\u00e7\u00f5es patrimoniais na const\u00e2ncia do casamento que ir\u00e3o contrair, sempre que n\u00e3o queiram aceitar o regime supletivo estabelecido na lei.A prenuptial agreement is a contract entered into by the bride and groom in order to regulate the property relations during their future marriage, whenever they do not wish to accept the subsidiary regime established by law.","breadcrumb":{"@id":"https:\/\/cartoriolisboa.pt\/en\/family-law\/prenuptial-agreement\/#breadcrumb"},"inLanguage":"en-US","potentialAction":[{"@type":"ReadAction","target":["https:\/\/cartoriolisboa.pt\/en\/family-law\/prenuptial-agreement\/"]}]},{"@type":"BreadcrumbList","@id":"https:\/\/cartoriolisboa.pt\/en\/family-law\/prenuptial-agreement\/#breadcrumb","itemListElement":[{"@type":"ListItem","position":1,"name":"In\u00edcio","item":"https:\/\/cartoriolisboa.pt\/en\/home\/"},{"@type":"ListItem","position":2,"name":"Prenuptial Agreement"}]},{"@type":"WebSite","@id":"https:\/\/cartoriolisboa.pt\/en\/#website","url":"https:\/\/cartoriolisboa.pt\/en\/","name":"Diovana Barbieri","description":"Cart\u00f3rio Notarial","publisher":{"@id":"https:\/\/cartoriolisboa.pt\/en\/#organization"},"potentialAction":[{"@type":"SearchAction","target":{"@type":"EntryPoint","urlTemplate":"https:\/\/cartoriolisboa.pt\/en\/?s={search_term_string}"},"query-input":{"@type":"PropertyValueSpecification","valueRequired":true,"valueName":"search_term_string"}}],"inLanguage":"en-US"},{"@type":"Organization","@id":"https:\/\/cartoriolisboa.pt\/en\/#organization","name":"Diovana Barbieri","url":"https:\/\/cartoriolisboa.pt\/en\/","logo":{"@type":"ImageObject","inLanguage":"en-US","@id":"https:\/\/cartoriolisboa.pt\/en\/#\/schema\/logo\/image\/","url":"","contentUrl":"","caption":"Diovana Barbieri"},"image":{"@id":"https:\/\/cartoriolisboa.pt\/en\/#\/schema\/logo\/image\/"},"sameAs":["https:\/\/www.facebook.com\/diovana.barbieri","https:\/\/pt.linkedin.com\/in\/diovana-barbieri-95741717"]}]}},"_links":{"self":[{"href":"https:\/\/cartoriolisboa.pt\/en\/wp-json\/wp\/v2\/pages\/3231","targetHints":{"allow":["GET"]}}],"collection":[{"href":"https:\/\/cartoriolisboa.pt\/en\/wp-json\/wp\/v2\/pages"}],"about":[{"href":"https:\/\/cartoriolisboa.pt\/en\/wp-json\/wp\/v2\/types\/page"}],"author":[{"embeddable":true,"href":"https:\/\/cartoriolisboa.pt\/en\/wp-json\/wp\/v2\/users\/1"}],"replies":[{"embeddable":true,"href":"https:\/\/cartoriolisboa.pt\/en\/wp-json\/wp\/v2\/comments?post=3231"}],"version-history":[{"count":2,"href":"https:\/\/cartoriolisboa.pt\/en\/wp-json\/wp\/v2\/pages\/3231\/revisions"}],"predecessor-version":[{"id":3234,"href":"https:\/\/cartoriolisboa.pt\/en\/wp-json\/wp\/v2\/pages\/3231\/revisions\/3234"}],"up":[{"embeddable":true,"href":"https:\/\/cartoriolisboa.pt\/en\/wp-json\/wp\/v2\/pages\/3917"}],"wp:attachment":[{"href":"https:\/\/cartoriolisboa.pt\/en\/wp-json\/wp\/v2\/media?parent=3231"}],"curies":[{"name":"wp","href":"https:\/\/api.w.org\/{rel}","templated":true}]}}