{"id":3208,"date":"2020-11-04T17:46:43","date_gmt":"2020-11-04T17:46:43","guid":{"rendered":"https:\/\/cartoriolisboa.pt\/cartorio\/"},"modified":"2025-04-24T09:52:03","modified_gmt":"2025-04-24T09:52:03","slug":"etude-notariale","status":"publish","type":"page","link":"https:\/\/cartoriolisboa.pt\/fr\/etude-notariale\/","title":{"rendered":"\u00c9TUDE NOTARIALE"},"content":{"rendered":"\n<style type=\"text\/css\" data-created_by=\"avia_inline_auto\" id=\"style-css-av-hgiq7-812f333b01e45ccc757b0bf9a8f3b02f\">\n.flex_column.av-hgiq7-812f333b01e45ccc757b0bf9a8f3b02f{\nborder-radius:0px 0px 0px 0px;\npadding:0px 20px 20px 20px;\n}\n<\/style>\n<div  class='flex_column av-hgiq7-812f333b01e45ccc757b0bf9a8f3b02f av_one_full  avia-builder-el-0  el_before_av_one_third  avia-builder-el-first  first flex_column_div  '     ><section  class='av_textblock_section av-kgs7mydw-7e683b635d31b170ddeb796b90c9af38 '   itemscope=\"itemscope\" itemtype=\"https:\/\/schema.org\/CreativeWork\" ><div class='avia_textblock'  itemprop=\"text\" ><p style=\"text-align: center;\">Elle dispose d\u2019une \u00e9quipe de collaborateurs qualifi\u00e9s et exp\u00e9riment\u00e9s pour servir le public de mani\u00e8re agile, efficace et personnalis\u00e9e.<\/p>\n<p style=\"text-align: center;\">Les services peuvent \u00eatre fournis dans les locaux de l&rsquo;\u00e9tude ou ailleurs, \u00e0 condition que ce soit dans les municipalit\u00e9s de Lisbonne ou de Sintra, sur rendez-vous.<\/p>\n<\/div><\/section><\/div><div class='flex_column_table av-j239b-682c697bbcc4c565e9e6861051fe3b72 sc-av_one_third av-equal-height-column-flextable'>\n<style type=\"text\/css\" data-created_by=\"avia_inline_auto\" id=\"style-css-av-j239b-682c697bbcc4c565e9e6861051fe3b72\">\n.flex_column.av-j239b-682c697bbcc4c565e9e6861051fe3b72{\nborder-radius:0px 0px 0px 0px;\npadding:0px 0px 0px 0px;\n}\n<\/style>\n<div  class='flex_column av-j239b-682c697bbcc4c565e9e6861051fe3b72 av_one_third  avia-builder-el-2  el_after_av_one_full  el_before_av_one_third  first flex_column_table_cell av-equal-height-column av-align-top av-animated-generic fade-in av-zero-column-padding  column-top-margin'     ><style type=\"text\/css\" data-created_by=\"avia_inline_auto\" id=\"style-css-av-kgsbeok2-55db10bdf601a66f2dc836c7f5d3c567\">\n.avia-image-container.av-kgsbeok2-55db10bdf601a66f2dc836c7f5d3c567 img.avia_image{\nbox-shadow:none;\n}\n.avia-image-container.av-kgsbeok2-55db10bdf601a66f2dc836c7f5d3c567 .av-image-caption-overlay-center{\ncolor:#ffffff;\n}\n<\/style>\n<div  class='avia-image-container av-kgsbeok2-55db10bdf601a66f2dc836c7f5d3c567 av-styling- avia-align-center  avia-builder-el-3  avia-builder-el-no-sibling '   itemprop=\"image\" itemscope=\"itemscope\" itemtype=\"https:\/\/schema.org\/ImageObject\" ><div class=\"avia-image-container-inner\"><div class=\"avia-image-overlay-wrap\"><img decoding=\"async\" fetchpriority=\"high\" class='wp-image-3096 avia-img-lazy-loading-not-3096 avia_image ' src=\"https:\/\/cartoriolisboa.pt\/wp-content\/uploads\/Exterior_3.jpg\" alt='' title='Exterior Cart\u00f3rio'  height=\"800\" width=\"600\"  itemprop=\"thumbnailUrl\" srcset=\"https:\/\/cartoriolisboa.pt\/wp-content\/uploads\/Exterior_3.jpg 600w, https:\/\/cartoriolisboa.pt\/wp-content\/uploads\/Exterior_3-529x705.jpg 529w\" sizes=\"(max-width: 600px) 100vw, 600px\" \/><\/div><\/div><\/div><\/div><\/p>\n<div class='av-flex-placeholder'><\/div>\n<style type=\"text\/css\" data-created_by=\"avia_inline_auto\" id=\"style-css-av-dtpgd-b038a6f8ca2d1d7a7faaf1c78ec5c5e5\">\n.flex_column.av-dtpgd-b038a6f8ca2d1d7a7faaf1c78ec5c5e5{\nborder-radius:0px 0px 0px 0px;\npadding:0px 0px 0px 0px;\n}\n<\/style>\n<div  class='flex_column av-dtpgd-b038a6f8ca2d1d7a7faaf1c78ec5c5e5 av_one_third  avia-builder-el-4  el_after_av_one_third  el_before_av_one_third  flex_column_table_cell av-equal-height-column av-align-top av-animated-generic fade-in av-zero-column-padding  column-top-margin'     ><style type=\"text\/css\" data-created_by=\"avia_inline_auto\" id=\"style-css-av-m7t77dv6-8ae6f15fe30fb0d39ee32b8df335fb89\">\n.avia-image-container.av-m7t77dv6-8ae6f15fe30fb0d39ee32b8df335fb89 img.avia_image{\nbox-shadow:none;\n}\n.avia-image-container.av-m7t77dv6-8ae6f15fe30fb0d39ee32b8df335fb89 .av-image-caption-overlay-center{\ncolor:#ffffff;\n}\n<\/style>\n<div  class='avia-image-container av-m7t77dv6-8ae6f15fe30fb0d39ee32b8df335fb89 av-styling- avia-align-center  avia-builder-el-5  avia-builder-el-no-sibling '   itemprop=\"image\" itemscope=\"itemscope\" itemtype=\"https:\/\/schema.org\/ImageObject\" ><div class=\"avia-image-container-inner\"><div class=\"avia-image-overlay-wrap\"><img decoding=\"async\" fetchpriority=\"high\" class='wp-image-3094 avia-img-lazy-loading-not-3094 avia_image ' src=\"https:\/\/cartoriolisboa.pt\/wp-content\/uploads\/Exterior_2.jpg\" alt='' title='Exterior Cart\u00f3rio'  height=\"800\" width=\"600\"  itemprop=\"thumbnailUrl\" srcset=\"https:\/\/cartoriolisboa.pt\/wp-content\/uploads\/Exterior_2.jpg 600w, https:\/\/cartoriolisboa.pt\/wp-content\/uploads\/Exterior_2-529x705.jpg 529w\" sizes=\"(max-width: 600px) 100vw, 600px\" \/><\/div><\/div><\/div><\/div>\n<div class='av-flex-placeholder'><\/div>\n<style type=\"text\/css\" data-created_by=\"avia_inline_auto\" id=\"style-css-av-2uviel-1a42462fa6e815e4b1e840cd7a725501\">\n.flex_column.av-2uviel-1a42462fa6e815e4b1e840cd7a725501{\nborder-radius:0px 0px 0px 0px;\npadding:0px 0px 0px 0px;\n}\n<\/style>\n<div  class='flex_column av-2uviel-1a42462fa6e815e4b1e840cd7a725501 av_one_third  avia-builder-el-6  el_after_av_one_third  el_before_av_hr  flex_column_table_cell av-equal-height-column av-align-top av-animated-generic fade-in av-zero-column-padding  column-top-margin'     ><style type=\"text\/css\" data-created_by=\"avia_inline_auto\" id=\"style-css-av-m7t77lqa-892244ec26c7db87645f0ddd502a45a4\">\n.avia-image-container.av-m7t77lqa-892244ec26c7db87645f0ddd502a45a4 img.avia_image{\nbox-shadow:none;\n}\n.avia-image-container.av-m7t77lqa-892244ec26c7db87645f0ddd502a45a4 .av-image-caption-overlay-center{\ncolor:#ffffff;\n}\n<\/style>\n<div  class='avia-image-container av-m7t77lqa-892244ec26c7db87645f0ddd502a45a4 av-styling- avia-align-center  avia-builder-el-7  avia-builder-el-no-sibling '   itemprop=\"image\" itemscope=\"itemscope\" itemtype=\"https:\/\/schema.org\/ImageObject\" ><div class=\"avia-image-container-inner\"><div class=\"avia-image-overlay-wrap\"><img decoding=\"async\" fetchpriority=\"high\" class='wp-image-3092 avia-img-lazy-loading-not-3092 avia_image ' src=\"https:\/\/cartoriolisboa.pt\/wp-content\/uploads\/Exterior_1.jpg\" alt='' title='Exterior Cart\u00f3rio'  height=\"800\" width=\"600\"  itemprop=\"thumbnailUrl\" srcset=\"https:\/\/cartoriolisboa.pt\/wp-content\/uploads\/Exterior_1.jpg 600w, https:\/\/cartoriolisboa.pt\/wp-content\/uploads\/Exterior_1-529x705.jpg 529w\" sizes=\"(max-width: 600px) 100vw, 600px\" \/><\/div><\/div><\/div><\/div><\/div><!--close column table wrapper. Autoclose: 1 -->\n\n<style type=\"text\/css\" data-created_by=\"avia_inline_auto\" id=\"style-css-av-kgtbgexc-033fe266207e9514dd4920285465f9ed\">\n#top .hr.hr-invisible.av-kgtbgexc-033fe266207e9514dd4920285465f9ed{\nheight:50px;\n}\n<\/style>\n<div  class='hr av-kgtbgexc-033fe266207e9514dd4920285465f9ed hr-invisible  avia-builder-el-8  el_after_av_one_third  el_before_av_hr  av-small-hide av-mini-hide'><span class='hr-inner '><span class=\"hr-inner-style\"><\/span><\/span><\/div>\n\n<style type=\"text\/css\" data-created_by=\"avia_inline_auto\" id=\"style-css-av-kgtbgexc-4-e3c8c46f6977b0f8b7c5833d0fd1f362\">\n#top .hr.hr-invisible.av-kgtbgexc-4-e3c8c46f6977b0f8b7c5833d0fd1f362{\nheight:50px;\n}\n<\/style>\n<div  class='hr av-kgtbgexc-4-e3c8c46f6977b0f8b7c5833d0fd1f362 hr-invisible  avia-builder-el-9  el_after_av_hr  avia-builder-el-last  av-small-hide av-mini-hide'><span class='hr-inner '><span class=\"hr-inner-style\"><\/span><\/span><\/div>\n","protected":false},"excerpt":{"rendered":"","protected":false},"author":1,"featured_media":0,"parent":0,"menu_order":2,"comment_status":"closed","ping_status":"closed","template":"","meta":{"footnotes":""},"class_list":["post-3208","page","type-page","status-publish","hentry"],"yoast_head":"<!-- This site is optimized with the Yoast SEO plugin v27.4 - https:\/\/yoast.com\/product\/yoast-seo-wordpress\/ -->\n<title>\u00c9TUDE NOTARIALE | Jo\u00e3o Maia Rodrigues<\/title>\n<meta name=\"description\" content=\"O Cart\u00f3rio Notarial de Jo\u00e3o Maia Rodrigues iniciou atividade em fevereiro de 2005. Conta com uma equipa qualificada e experiente para atender o p\u00fablico de forma eficiente e personalizada.L&#039;\u00e9tude notariale Jo\u00e3o Maia Rodrigues et Diovana Barbieri a ouvert ses portes en f\u00e9vrier 2005.Elle dispose d\u2019une \u00e9quipe de collaborateurs qualifi\u00e9s et exp\u00e9riment\u00e9s pour servir le public de mani\u00e8re agile, efficace et personnalis\u00e9e.\" \/>\n<meta name=\"robots\" content=\"index, follow, max-snippet:-1, max-image-preview:large, max-video-preview:-1\" \/>\n<link rel=\"canonical\" href=\"https:\/\/cartoriolisboa.pt\/fr\/etude-notariale\/\" \/>\n<meta property=\"og:locale\" content=\"fr_FR\" \/>\n<meta property=\"og:type\" content=\"article\" \/>\n<meta property=\"og:title\" content=\"\u00c9TUDE NOTARIALE | Jo\u00e3o Maia Rodrigues\" \/>\n<meta property=\"og:description\" content=\"O Cart\u00f3rio Notarial de Jo\u00e3o Maia Rodrigues iniciou atividade em fevereiro de 2005. Conta com uma equipa qualificada e experiente para atender o p\u00fablico de forma eficiente e personalizada.L&#039;\u00e9tude notariale Jo\u00e3o Maia Rodrigues et Diovana Barbieri a ouvert ses portes en f\u00e9vrier 2005.Elle dispose d\u2019une \u00e9quipe de collaborateurs qualifi\u00e9s et exp\u00e9riment\u00e9s pour servir le public de mani\u00e8re agile, efficace et personnalis\u00e9e.\" \/>\n<meta property=\"og:url\" content=\"https:\/\/cartoriolisboa.pt\/fr\/etude-notariale\/\" \/>\n<meta property=\"og:site_name\" content=\"Jo\u00e3o Maia Rodrigues\" \/>\n<meta property=\"article:publisher\" content=\"https:\/\/www.facebook.com\/diovana.barbieri\" \/>\n<meta property=\"article:modified_time\" content=\"2025-04-24T09:52:03+00:00\" \/>\n<meta name=\"twitter:card\" content=\"summary_large_image\" \/>\n<meta name=\"twitter:label1\" content=\"Dur\u00e9e de lecture estim\u00e9e\" \/>\n\t<meta name=\"twitter:data1\" content=\"1 minute\" \/>\n<script type=\"application\/ld+json\" class=\"yoast-schema-graph\">{\"@context\":\"https:\\\/\\\/schema.org\",\"@graph\":[{\"@type\":\"WebPage\",\"@id\":\"https:\\\/\\\/cartoriolisboa.pt\\\/fr\\\/etude-notariale\\\/\",\"url\":\"https:\\\/\\\/cartoriolisboa.pt\\\/fr\\\/etude-notariale\\\/\",\"name\":\"\u00c9TUDE NOTARIALE | Jo\u00e3o Maia Rodrigues\",\"isPartOf\":{\"@id\":\"https:\\\/\\\/cartoriolisboa.pt\\\/fr\\\/#website\"},\"datePublished\":\"2020-11-04T17:46:43+00:00\",\"dateModified\":\"2025-04-24T09:52:03+00:00\",\"description\":\"O Cart\u00f3rio Notarial de Jo\u00e3o Maia Rodrigues iniciou atividade em fevereiro de 2005. Conta com uma equipa qualificada e experiente para atender o p\u00fablico de forma eficiente e personalizada.L'\u00e9tude notariale Jo\u00e3o Maia Rodrigues et Diovana Barbieri a ouvert ses portes en f\u00e9vrier 2005.Elle dispose d\u2019une \u00e9quipe de collaborateurs qualifi\u00e9s et exp\u00e9riment\u00e9s pour servir le public de mani\u00e8re agile, efficace et personnalis\u00e9e.\",\"breadcrumb\":{\"@id\":\"https:\\\/\\\/cartoriolisboa.pt\\\/fr\\\/etude-notariale\\\/#breadcrumb\"},\"inLanguage\":\"fr-FR\",\"potentialAction\":[{\"@type\":\"ReadAction\",\"target\":[\"https:\\\/\\\/cartoriolisboa.pt\\\/fr\\\/etude-notariale\\\/\"]}]},{\"@type\":\"BreadcrumbList\",\"@id\":\"https:\\\/\\\/cartoriolisboa.pt\\\/fr\\\/etude-notariale\\\/#breadcrumb\",\"itemListElement\":[{\"@type\":\"ListItem\",\"position\":1,\"name\":\"In\u00edcio\",\"item\":\"https:\\\/\\\/cartoriolisboa.pt\\\/fr\\\/home\\\/\"},{\"@type\":\"ListItem\",\"position\":2,\"name\":\"\u00c9TUDE NOTARIALE\"}]},{\"@type\":\"WebSite\",\"@id\":\"https:\\\/\\\/cartoriolisboa.pt\\\/fr\\\/#website\",\"url\":\"https:\\\/\\\/cartoriolisboa.pt\\\/fr\\\/\",\"name\":\"Diovana Barbieri\",\"description\":\"Cart\u00f3rio Notarial\",\"publisher\":{\"@id\":\"https:\\\/\\\/cartoriolisboa.pt\\\/fr\\\/#organization\"},\"potentialAction\":[{\"@type\":\"SearchAction\",\"target\":{\"@type\":\"EntryPoint\",\"urlTemplate\":\"https:\\\/\\\/cartoriolisboa.pt\\\/fr\\\/?s={search_term_string}\"},\"query-input\":{\"@type\":\"PropertyValueSpecification\",\"valueRequired\":true,\"valueName\":\"search_term_string\"}}],\"inLanguage\":\"fr-FR\"},{\"@type\":\"Organization\",\"@id\":\"https:\\\/\\\/cartoriolisboa.pt\\\/fr\\\/#organization\",\"name\":\"Diovana Barbieri\",\"url\":\"https:\\\/\\\/cartoriolisboa.pt\\\/fr\\\/\",\"logo\":{\"@type\":\"ImageObject\",\"inLanguage\":\"fr-FR\",\"@id\":\"https:\\\/\\\/cartoriolisboa.pt\\\/fr\\\/#\\\/schema\\\/logo\\\/image\\\/\",\"url\":\"\",\"contentUrl\":\"\",\"caption\":\"Diovana Barbieri\"},\"image\":{\"@id\":\"https:\\\/\\\/cartoriolisboa.pt\\\/fr\\\/#\\\/schema\\\/logo\\\/image\\\/\"},\"sameAs\":[\"https:\\\/\\\/www.facebook.com\\\/diovana.barbieri\",\"https:\\\/\\\/pt.linkedin.com\\\/in\\\/diovana-barbieri-95741717\"]}]}<\/script>\n<!-- \/ Yoast SEO plugin. -->","yoast_head_json":{"title":"\u00c9TUDE NOTARIALE | Jo\u00e3o Maia Rodrigues","description":"O Cart\u00f3rio Notarial de Jo\u00e3o Maia Rodrigues iniciou atividade em fevereiro de 2005. Conta com uma equipa qualificada e experiente para atender o p\u00fablico de forma eficiente e personalizada.L'\u00e9tude notariale Jo\u00e3o Maia Rodrigues et Diovana Barbieri a ouvert ses portes en f\u00e9vrier 2005.Elle dispose d\u2019une \u00e9quipe de collaborateurs qualifi\u00e9s et exp\u00e9riment\u00e9s pour servir le public de mani\u00e8re agile, efficace et personnalis\u00e9e.","robots":{"index":"index","follow":"follow","max-snippet":"max-snippet:-1","max-image-preview":"max-image-preview:large","max-video-preview":"max-video-preview:-1"},"canonical":"https:\/\/cartoriolisboa.pt\/fr\/etude-notariale\/","og_locale":"fr_FR","og_type":"article","og_title":"\u00c9TUDE NOTARIALE | Jo\u00e3o Maia Rodrigues","og_description":"O Cart\u00f3rio Notarial de Jo\u00e3o Maia Rodrigues iniciou atividade em fevereiro de 2005. Conta com uma equipa qualificada e experiente para atender o p\u00fablico de forma eficiente e personalizada.L'\u00e9tude notariale Jo\u00e3o Maia Rodrigues et Diovana Barbieri a ouvert ses portes en f\u00e9vrier 2005.Elle dispose d\u2019une \u00e9quipe de collaborateurs qualifi\u00e9s et exp\u00e9riment\u00e9s pour servir le public de mani\u00e8re agile, efficace et personnalis\u00e9e.","og_url":"https:\/\/cartoriolisboa.pt\/fr\/etude-notariale\/","og_site_name":"Jo\u00e3o Maia Rodrigues","article_publisher":"https:\/\/www.facebook.com\/diovana.barbieri","article_modified_time":"2025-04-24T09:52:03+00:00","twitter_card":"summary_large_image","twitter_misc":{"Dur\u00e9e de lecture estim\u00e9e":"1 minute"},"schema":{"@context":"https:\/\/schema.org","@graph":[{"@type":"WebPage","@id":"https:\/\/cartoriolisboa.pt\/fr\/etude-notariale\/","url":"https:\/\/cartoriolisboa.pt\/fr\/etude-notariale\/","name":"\u00c9TUDE NOTARIALE | Jo\u00e3o Maia Rodrigues","isPartOf":{"@id":"https:\/\/cartoriolisboa.pt\/fr\/#website"},"datePublished":"2020-11-04T17:46:43+00:00","dateModified":"2025-04-24T09:52:03+00:00","description":"O Cart\u00f3rio Notarial de Jo\u00e3o Maia Rodrigues iniciou atividade em fevereiro de 2005. Conta com uma equipa qualificada e experiente para atender o p\u00fablico de forma eficiente e personalizada.L'\u00e9tude notariale Jo\u00e3o Maia Rodrigues et Diovana Barbieri a ouvert ses portes en f\u00e9vrier 2005.Elle dispose d\u2019une \u00e9quipe de collaborateurs qualifi\u00e9s et exp\u00e9riment\u00e9s pour servir le public de mani\u00e8re agile, efficace et personnalis\u00e9e.","breadcrumb":{"@id":"https:\/\/cartoriolisboa.pt\/fr\/etude-notariale\/#breadcrumb"},"inLanguage":"fr-FR","potentialAction":[{"@type":"ReadAction","target":["https:\/\/cartoriolisboa.pt\/fr\/etude-notariale\/"]}]},{"@type":"BreadcrumbList","@id":"https:\/\/cartoriolisboa.pt\/fr\/etude-notariale\/#breadcrumb","itemListElement":[{"@type":"ListItem","position":1,"name":"In\u00edcio","item":"https:\/\/cartoriolisboa.pt\/fr\/home\/"},{"@type":"ListItem","position":2,"name":"\u00c9TUDE NOTARIALE"}]},{"@type":"WebSite","@id":"https:\/\/cartoriolisboa.pt\/fr\/#website","url":"https:\/\/cartoriolisboa.pt\/fr\/","name":"Diovana Barbieri","description":"Cart\u00f3rio Notarial","publisher":{"@id":"https:\/\/cartoriolisboa.pt\/fr\/#organization"},"potentialAction":[{"@type":"SearchAction","target":{"@type":"EntryPoint","urlTemplate":"https:\/\/cartoriolisboa.pt\/fr\/?s={search_term_string}"},"query-input":{"@type":"PropertyValueSpecification","valueRequired":true,"valueName":"search_term_string"}}],"inLanguage":"fr-FR"},{"@type":"Organization","@id":"https:\/\/cartoriolisboa.pt\/fr\/#organization","name":"Diovana Barbieri","url":"https:\/\/cartoriolisboa.pt\/fr\/","logo":{"@type":"ImageObject","inLanguage":"fr-FR","@id":"https:\/\/cartoriolisboa.pt\/fr\/#\/schema\/logo\/image\/","url":"","contentUrl":"","caption":"Diovana Barbieri"},"image":{"@id":"https:\/\/cartoriolisboa.pt\/fr\/#\/schema\/logo\/image\/"},"sameAs":["https:\/\/www.facebook.com\/diovana.barbieri","https:\/\/pt.linkedin.com\/in\/diovana-barbieri-95741717"]}]}},"_links":{"self":[{"href":"https:\/\/cartoriolisboa.pt\/fr\/wp-json\/wp\/v2\/pages\/3208","targetHints":{"allow":["GET"]}}],"collection":[{"href":"https:\/\/cartoriolisboa.pt\/fr\/wp-json\/wp\/v2\/pages"}],"about":[{"href":"https:\/\/cartoriolisboa.pt\/fr\/wp-json\/wp\/v2\/types\/page"}],"author":[{"embeddable":true,"href":"https:\/\/cartoriolisboa.pt\/fr\/wp-json\/wp\/v2\/users\/1"}],"replies":[{"embeddable":true,"href":"https:\/\/cartoriolisboa.pt\/fr\/wp-json\/wp\/v2\/comments?post=3208"}],"version-history":[{"count":3,"href":"https:\/\/cartoriolisboa.pt\/fr\/wp-json\/wp\/v2\/pages\/3208\/revisions"}],"predecessor-version":[{"id":4139,"href":"https:\/\/cartoriolisboa.pt\/fr\/wp-json\/wp\/v2\/pages\/3208\/revisions\/4139"}],"wp:attachment":[{"href":"https:\/\/cartoriolisboa.pt\/fr\/wp-json\/wp\/v2\/media?parent=3208"}],"curies":[{"name":"wp","href":"https:\/\/api.w.org\/{rel}","templated":true}]}}