{"id":3232,"date":"2020-10-26T15:37:42","date_gmt":"2020-10-26T15:37:42","guid":{"rendered":"https:\/\/cartoriolisboa.pt\/convencao-antenupcial\/"},"modified":"2025-03-30T15:31:59","modified_gmt":"2025-03-30T15:31:59","slug":"contrat-de-mariage","status":"publish","type":"page","link":"https:\/\/cartoriolisboa.pt\/fr\/famille\/contrat-de-mariage\/","title":{"rendered":"Contrat de mariage"},"content":{"rendered":"\n<style type=\"text\/css\" data-created_by=\"avia_inline_auto\" id=\"style-css-av-k8ruodqu-7a198c1b8ace60520b94792dd4673368\">\n.avia-section.av-k8ruodqu-7a198c1b8ace60520b94792dd4673368{\nbackground-repeat:no-repeat;\nbackground-image:url(https:\/\/cartoriolisboa.pt\/wp-content\/uploads\/Convencao-antenupcial.jpg);\nbackground-position:50% 50%;\nbackground-attachment:scroll;\n}\n.avia-section.av-k8ruodqu-7a198c1b8ace60520b94792dd4673368 .av-section-color-overlay{\nopacity:0.6;\nbackground-color:#000000;\n}\n<\/style>\n<div id='av_section_1'  class='avia-section av-k8ruodqu-7a198c1b8ace60520b94792dd4673368 main_color avia-section-default avia-no-border-styling  avia-builder-el-0  el_before_av_section  avia-builder-el-first  avia-full-stretch avia-bg-style-scroll av-section-color-overlay-active av-minimum-height av-minimum-height-50 av-height-50  container_wrap fullsize'  data-section-bg-repeat='stretch' data-av_minimum_height_pc='50' data-av_min_height_opt='50'><div class=\"av-section-color-overlay-wrap\"><div class=\"av-section-color-overlay\"><\/div><div class='container av-section-cont-open' ><main  role=\"main\" itemprop=\"mainContentOfPage\"  class='template-page content  av-content-full alpha units'><div class='post-entry post-entry-type-page post-entry-3232'><div class='entry-content-wrapper clearfix'>\n\n<style type=\"text\/css\" data-created_by=\"avia_inline_auto\" id=\"style-css-av-oicm-2b79952f55a535fcbd13fc4e30831014\">\n#top .av-special-heading.av-oicm-2b79952f55a535fcbd13fc4e30831014{\nmargin:25px 0 0 0;\npadding-bottom:0;\ncolor:#ffffff;\nfont-size:55px;\n}\nbody .av-special-heading.av-oicm-2b79952f55a535fcbd13fc4e30831014 .av-special-heading-tag .heading-char{\nfont-size:25px;\n}\n#top #wrap_all .av-special-heading.av-oicm-2b79952f55a535fcbd13fc4e30831014 .av-special-heading-tag{\nfont-size:55px;\n}\n.av-special-heading.av-oicm-2b79952f55a535fcbd13fc4e30831014 .special-heading-inner-border{\nborder-color:#ffffff;\n}\n.av-special-heading.av-oicm-2b79952f55a535fcbd13fc4e30831014 .av-subheading{\nfont-size:15px;\n}\n\n@media only screen and (min-width: 480px) and (max-width: 767px){ \n#top #wrap_all .av-special-heading.av-oicm-2b79952f55a535fcbd13fc4e30831014 .av-special-heading-tag{\nfont-size:0.8em;\n}\n}\n\n@media only screen and (max-width: 479px){ \n#top #wrap_all .av-special-heading.av-oicm-2b79952f55a535fcbd13fc4e30831014 .av-special-heading-tag{\nfont-size:0.8em;\n}\n}\n<\/style>\n<div  class='av-special-heading av-oicm-2b79952f55a535fcbd13fc4e30831014 av-special-heading-h1 custom-color-heading blockquote modern-quote modern-centered  avia-builder-el-1  avia-builder-el-no-sibling  av-inherit-size av-linked-heading'><h1 class='av-special-heading-tag '  itemprop=\"headline\"  >Contrat de mariage<\/h1><div class=\"special-heading-border\"><div class=\"special-heading-inner-border\"><\/div><\/div><\/div>\n<\/div><\/div><\/main><!-- close content main element --><\/div><\/div><\/div><div id='av_section_2'  class='avia-section av-10d9s-f6565325238af4a09c5b7410547e13b2 main_color avia-section-default avia-no-border-styling  avia-builder-el-2  el_after_av_section  avia-builder-el-last  avia-bg-style-scroll container_wrap fullsize'  ><div class='container av-section-cont-open' ><div class='template-page content  av-content-full alpha units'><div class='post-entry post-entry-type-page post-entry-3232'><div class='entry-content-wrapper clearfix'>\n<section  class='av_textblock_section av-k8rujvj4-605bbaf9ebba3e483b26959086d4676f '   itemscope=\"itemscope\" itemtype=\"https:\/\/schema.org\/CreativeWork\" ><div class='avia_textblock'  itemprop=\"text\" ><p style=\"text-align: center;\">Un contrat de mariage est un contrat conclu par le couple afin de r\u00e9glementer les relations patrimoniales pendant le mariage qu\u2019il s\u2019appr\u00eate \u00e0 contracter, lorsqu\u2019il ne souhaite pas accepter le r\u00e9gime suppl\u00e9tif \u00e9tabli par la loi.<\/p>\n<p style=\"text-align: center;\">Il peut choisir l\u2019un des r\u00e9gimes pr\u00e9vus par le Code Civil portugais ou stipuler ce qu\u2019il souhaite, dans les limites de la loi (voir art. 1698 du Code Civil portugais).<\/p>\n<p style=\"text-align: center;\">Il peut inclure, entre autres, des donations faites en faveur de mariage (voir art. 1754 et 1756 du Code Civil portugais), la d\u00e9signation d\u2019un h\u00e9ritier ou d\u2019un l\u00e9gataire ou la renonciation r\u00e9ciproque \u00e0 la qualit\u00e9 d\u2019h\u00e9ritier l\u00e9gitime de l\u2019autre, si le r\u00e9gime patrimonial, obligatoire ou conventionnel, est celui de la s\u00e9paration (voir art. 1707-A du Code Civil portugais).<\/p>\n<p style=\"text-align: center;\">Il est fait par acte notari\u00e9 (voir art. 1710 du Code Civil portugais) avant le mariage et expire dans un d\u00e9lai d\u2019un an si celui-ci n\u2019a pas lieu (voir art. 1716 du Code Civil portugais).<\/p>\n<p style=\"text-align: center;\">Il peut \u00eatre librement modifi\u00e9 ou r\u00e9voqu\u00e9, mais uniquement jusqu\u2019\u00e0 la c\u00e9l\u00e9bration du mariage (voir art. 1712).<\/p>\n<p style=\"text-align: center;\">L\u2019\u00c9tude Notariale Jo\u00e3o Maia Rodrigues et Diovana Barbieri est pr\u00eate \u00e0 vous aider lors de cette d\u00e9marche.<\/p>\n<\/div><\/section>\n<\/p>\n","protected":false},"excerpt":{"rendered":"","protected":false},"author":1,"featured_media":0,"parent":3918,"menu_order":2,"comment_status":"closed","ping_status":"closed","template":"","meta":{"footnotes":""},"class_list":["post-3232","page","type-page","status-publish","hentry"],"yoast_head":"<!-- This site is optimized with the Yoast SEO plugin v27.4 - https:\/\/yoast.com\/product\/yoast-seo-wordpress\/ -->\n<title>Contrat de mariage | Jo\u00e3o Maia Rodrigues<\/title>\n<meta name=\"description\" content=\"Conven\u00e7\u00e3o antenupcial \u00e9 um contrato celebrado pelos nubentes, com o objetivo de regular as rela\u00e7\u00f5es patrimoniais na const\u00e2ncia do casamento que ir\u00e3o contrair, sempre que n\u00e3o queiram aceitar o regime supletivo estabelecido na lei.Un contrat de mariage est un contrat conclu par le couple afin de r\u00e9glementer les relations patrimoniales pendant le mariage qu\u2019il s\u2019appr\u00eate \u00e0 contracter, lorsqu\u2019il ne souhaite pas accepter le r\u00e9gime suppl\u00e9tif \u00e9tabli par la loi.\" \/>\n<meta name=\"robots\" content=\"index, follow, max-snippet:-1, max-image-preview:large, max-video-preview:-1\" \/>\n<link rel=\"canonical\" href=\"https:\/\/cartoriolisboa.pt\/fr\/famille\/contrat-de-mariage\/\" \/>\n<meta property=\"og:locale\" content=\"fr_FR\" \/>\n<meta property=\"og:type\" content=\"article\" \/>\n<meta property=\"og:title\" content=\"Contrat de mariage | Jo\u00e3o Maia Rodrigues\" \/>\n<meta property=\"og:description\" content=\"Conven\u00e7\u00e3o antenupcial \u00e9 um contrato celebrado pelos nubentes, com o objetivo de regular as rela\u00e7\u00f5es patrimoniais na const\u00e2ncia do casamento que ir\u00e3o contrair, sempre que n\u00e3o queiram aceitar o regime supletivo estabelecido na lei.Un contrat de mariage est un contrat conclu par le couple afin de r\u00e9glementer les relations patrimoniales pendant le mariage qu\u2019il s\u2019appr\u00eate \u00e0 contracter, lorsqu\u2019il ne souhaite pas accepter le r\u00e9gime suppl\u00e9tif \u00e9tabli par la loi.\" \/>\n<meta property=\"og:url\" content=\"https:\/\/cartoriolisboa.pt\/fr\/famille\/contrat-de-mariage\/\" \/>\n<meta property=\"og:site_name\" content=\"Jo\u00e3o Maia Rodrigues\" \/>\n<meta property=\"article:publisher\" content=\"https:\/\/www.facebook.com\/diovana.barbieri\" \/>\n<meta property=\"article:modified_time\" content=\"2025-03-30T15:31:59+00:00\" \/>\n<meta name=\"twitter:card\" content=\"summary_large_image\" \/>\n<meta name=\"twitter:label1\" content=\"Dur\u00e9e de lecture estim\u00e9e\" \/>\n\t<meta name=\"twitter:data1\" content=\"2 minutes\" \/>\n<script type=\"application\/ld+json\" class=\"yoast-schema-graph\">{\"@context\":\"https:\\\/\\\/schema.org\",\"@graph\":[{\"@type\":\"WebPage\",\"@id\":\"https:\\\/\\\/cartoriolisboa.pt\\\/fr\\\/famille\\\/contrat-de-mariage\\\/\",\"url\":\"https:\\\/\\\/cartoriolisboa.pt\\\/fr\\\/famille\\\/contrat-de-mariage\\\/\",\"name\":\"Contrat de mariage | Jo\u00e3o Maia Rodrigues\",\"isPartOf\":{\"@id\":\"https:\\\/\\\/cartoriolisboa.pt\\\/fr\\\/#website\"},\"datePublished\":\"2020-10-26T15:37:42+00:00\",\"dateModified\":\"2025-03-30T15:31:59+00:00\",\"description\":\"Conven\u00e7\u00e3o antenupcial \u00e9 um contrato celebrado pelos nubentes, com o objetivo de regular as rela\u00e7\u00f5es patrimoniais na const\u00e2ncia do casamento que ir\u00e3o contrair, sempre que n\u00e3o queiram aceitar o regime supletivo estabelecido na lei.Un contrat de mariage est un contrat conclu par le couple afin de r\u00e9glementer les relations patrimoniales pendant le mariage qu\u2019il s\u2019appr\u00eate \u00e0 contracter, lorsqu\u2019il ne souhaite pas accepter le r\u00e9gime suppl\u00e9tif \u00e9tabli par la loi.\",\"breadcrumb\":{\"@id\":\"https:\\\/\\\/cartoriolisboa.pt\\\/fr\\\/famille\\\/contrat-de-mariage\\\/#breadcrumb\"},\"inLanguage\":\"fr-FR\",\"potentialAction\":[{\"@type\":\"ReadAction\",\"target\":[\"https:\\\/\\\/cartoriolisboa.pt\\\/fr\\\/famille\\\/contrat-de-mariage\\\/\"]}]},{\"@type\":\"BreadcrumbList\",\"@id\":\"https:\\\/\\\/cartoriolisboa.pt\\\/fr\\\/famille\\\/contrat-de-mariage\\\/#breadcrumb\",\"itemListElement\":[{\"@type\":\"ListItem\",\"position\":1,\"name\":\"In\u00edcio\",\"item\":\"https:\\\/\\\/cartoriolisboa.pt\\\/fr\\\/home\\\/\"},{\"@type\":\"ListItem\",\"position\":2,\"name\":\"Contrat de mariage\"}]},{\"@type\":\"WebSite\",\"@id\":\"https:\\\/\\\/cartoriolisboa.pt\\\/fr\\\/#website\",\"url\":\"https:\\\/\\\/cartoriolisboa.pt\\\/fr\\\/\",\"name\":\"Diovana Barbieri\",\"description\":\"Cart\u00f3rio Notarial\",\"publisher\":{\"@id\":\"https:\\\/\\\/cartoriolisboa.pt\\\/fr\\\/#organization\"},\"potentialAction\":[{\"@type\":\"SearchAction\",\"target\":{\"@type\":\"EntryPoint\",\"urlTemplate\":\"https:\\\/\\\/cartoriolisboa.pt\\\/fr\\\/?s={search_term_string}\"},\"query-input\":{\"@type\":\"PropertyValueSpecification\",\"valueRequired\":true,\"valueName\":\"search_term_string\"}}],\"inLanguage\":\"fr-FR\"},{\"@type\":\"Organization\",\"@id\":\"https:\\\/\\\/cartoriolisboa.pt\\\/fr\\\/#organization\",\"name\":\"Diovana Barbieri\",\"url\":\"https:\\\/\\\/cartoriolisboa.pt\\\/fr\\\/\",\"logo\":{\"@type\":\"ImageObject\",\"inLanguage\":\"fr-FR\",\"@id\":\"https:\\\/\\\/cartoriolisboa.pt\\\/fr\\\/#\\\/schema\\\/logo\\\/image\\\/\",\"url\":\"\",\"contentUrl\":\"\",\"caption\":\"Diovana Barbieri\"},\"image\":{\"@id\":\"https:\\\/\\\/cartoriolisboa.pt\\\/fr\\\/#\\\/schema\\\/logo\\\/image\\\/\"},\"sameAs\":[\"https:\\\/\\\/www.facebook.com\\\/diovana.barbieri\",\"https:\\\/\\\/pt.linkedin.com\\\/in\\\/diovana-barbieri-95741717\"]}]}<\/script>\n<!-- \/ Yoast SEO plugin. -->","yoast_head_json":{"title":"Contrat de mariage | Jo\u00e3o Maia Rodrigues","description":"Conven\u00e7\u00e3o antenupcial \u00e9 um contrato celebrado pelos nubentes, com o objetivo de regular as rela\u00e7\u00f5es patrimoniais na const\u00e2ncia do casamento que ir\u00e3o contrair, sempre que n\u00e3o queiram aceitar o regime supletivo estabelecido na lei.Un contrat de mariage est un contrat conclu par le couple afin de r\u00e9glementer les relations patrimoniales pendant le mariage qu\u2019il s\u2019appr\u00eate \u00e0 contracter, lorsqu\u2019il ne souhaite pas accepter le r\u00e9gime suppl\u00e9tif \u00e9tabli par la loi.","robots":{"index":"index","follow":"follow","max-snippet":"max-snippet:-1","max-image-preview":"max-image-preview:large","max-video-preview":"max-video-preview:-1"},"canonical":"https:\/\/cartoriolisboa.pt\/fr\/famille\/contrat-de-mariage\/","og_locale":"fr_FR","og_type":"article","og_title":"Contrat de mariage | Jo\u00e3o Maia Rodrigues","og_description":"Conven\u00e7\u00e3o antenupcial \u00e9 um contrato celebrado pelos nubentes, com o objetivo de regular as rela\u00e7\u00f5es patrimoniais na const\u00e2ncia do casamento que ir\u00e3o contrair, sempre que n\u00e3o queiram aceitar o regime supletivo estabelecido na lei.Un contrat de mariage est un contrat conclu par le couple afin de r\u00e9glementer les relations patrimoniales pendant le mariage qu\u2019il s\u2019appr\u00eate \u00e0 contracter, lorsqu\u2019il ne souhaite pas accepter le r\u00e9gime suppl\u00e9tif \u00e9tabli par la loi.","og_url":"https:\/\/cartoriolisboa.pt\/fr\/famille\/contrat-de-mariage\/","og_site_name":"Jo\u00e3o Maia Rodrigues","article_publisher":"https:\/\/www.facebook.com\/diovana.barbieri","article_modified_time":"2025-03-30T15:31:59+00:00","twitter_card":"summary_large_image","twitter_misc":{"Dur\u00e9e de lecture estim\u00e9e":"2 minutes"},"schema":{"@context":"https:\/\/schema.org","@graph":[{"@type":"WebPage","@id":"https:\/\/cartoriolisboa.pt\/fr\/famille\/contrat-de-mariage\/","url":"https:\/\/cartoriolisboa.pt\/fr\/famille\/contrat-de-mariage\/","name":"Contrat de mariage | Jo\u00e3o Maia Rodrigues","isPartOf":{"@id":"https:\/\/cartoriolisboa.pt\/fr\/#website"},"datePublished":"2020-10-26T15:37:42+00:00","dateModified":"2025-03-30T15:31:59+00:00","description":"Conven\u00e7\u00e3o antenupcial \u00e9 um contrato celebrado pelos nubentes, com o objetivo de regular as rela\u00e7\u00f5es patrimoniais na const\u00e2ncia do casamento que ir\u00e3o contrair, sempre que n\u00e3o queiram aceitar o regime supletivo estabelecido na lei.Un contrat de mariage est un contrat conclu par le couple afin de r\u00e9glementer les relations patrimoniales pendant le mariage qu\u2019il s\u2019appr\u00eate \u00e0 contracter, lorsqu\u2019il ne souhaite pas accepter le r\u00e9gime suppl\u00e9tif \u00e9tabli par la loi.","breadcrumb":{"@id":"https:\/\/cartoriolisboa.pt\/fr\/famille\/contrat-de-mariage\/#breadcrumb"},"inLanguage":"fr-FR","potentialAction":[{"@type":"ReadAction","target":["https:\/\/cartoriolisboa.pt\/fr\/famille\/contrat-de-mariage\/"]}]},{"@type":"BreadcrumbList","@id":"https:\/\/cartoriolisboa.pt\/fr\/famille\/contrat-de-mariage\/#breadcrumb","itemListElement":[{"@type":"ListItem","position":1,"name":"In\u00edcio","item":"https:\/\/cartoriolisboa.pt\/fr\/home\/"},{"@type":"ListItem","position":2,"name":"Contrat de mariage"}]},{"@type":"WebSite","@id":"https:\/\/cartoriolisboa.pt\/fr\/#website","url":"https:\/\/cartoriolisboa.pt\/fr\/","name":"Diovana Barbieri","description":"Cart\u00f3rio Notarial","publisher":{"@id":"https:\/\/cartoriolisboa.pt\/fr\/#organization"},"potentialAction":[{"@type":"SearchAction","target":{"@type":"EntryPoint","urlTemplate":"https:\/\/cartoriolisboa.pt\/fr\/?s={search_term_string}"},"query-input":{"@type":"PropertyValueSpecification","valueRequired":true,"valueName":"search_term_string"}}],"inLanguage":"fr-FR"},{"@type":"Organization","@id":"https:\/\/cartoriolisboa.pt\/fr\/#organization","name":"Diovana Barbieri","url":"https:\/\/cartoriolisboa.pt\/fr\/","logo":{"@type":"ImageObject","inLanguage":"fr-FR","@id":"https:\/\/cartoriolisboa.pt\/fr\/#\/schema\/logo\/image\/","url":"","contentUrl":"","caption":"Diovana Barbieri"},"image":{"@id":"https:\/\/cartoriolisboa.pt\/fr\/#\/schema\/logo\/image\/"},"sameAs":["https:\/\/www.facebook.com\/diovana.barbieri","https:\/\/pt.linkedin.com\/in\/diovana-barbieri-95741717"]}]}},"_links":{"self":[{"href":"https:\/\/cartoriolisboa.pt\/fr\/wp-json\/wp\/v2\/pages\/3232","targetHints":{"allow":["GET"]}}],"collection":[{"href":"https:\/\/cartoriolisboa.pt\/fr\/wp-json\/wp\/v2\/pages"}],"about":[{"href":"https:\/\/cartoriolisboa.pt\/fr\/wp-json\/wp\/v2\/types\/page"}],"author":[{"embeddable":true,"href":"https:\/\/cartoriolisboa.pt\/fr\/wp-json\/wp\/v2\/users\/1"}],"replies":[{"embeddable":true,"href":"https:\/\/cartoriolisboa.pt\/fr\/wp-json\/wp\/v2\/comments?post=3232"}],"version-history":[{"count":2,"href":"https:\/\/cartoriolisboa.pt\/fr\/wp-json\/wp\/v2\/pages\/3232\/revisions"}],"predecessor-version":[{"id":3238,"href":"https:\/\/cartoriolisboa.pt\/fr\/wp-json\/wp\/v2\/pages\/3232\/revisions\/3238"}],"up":[{"embeddable":true,"href":"https:\/\/cartoriolisboa.pt\/fr\/wp-json\/wp\/v2\/pages\/3918"}],"wp:attachment":[{"href":"https:\/\/cartoriolisboa.pt\/fr\/wp-json\/wp\/v2\/media?parent=3232"}],"curies":[{"name":"wp","href":"https:\/\/api.w.org\/{rel}","templated":true}]}}