{"id":3248,"date":"2020-10-26T15:39:39","date_gmt":"2020-10-26T15:39:39","guid":{"rendered":"https:\/\/cartoriolisboa.pt\/partilha-do-casal\/"},"modified":"2025-03-30T15:40:28","modified_gmt":"2025-03-30T15:40:28","slug":"partage-du-couple","status":"publish","type":"page","link":"https:\/\/cartoriolisboa.pt\/fr\/famille\/partage-du-couple\/","title":{"rendered":"Partage du couple"},"content":{"rendered":"\n<style type=\"text\/css\" data-created_by=\"avia_inline_auto\" id=\"style-css-av-k8ruodqu-8d72add20413e04c888e7c4b92a35c57\">\n.avia-section.av-k8ruodqu-8d72add20413e04c888e7c4b92a35c57{\nbackground-repeat:no-repeat;\nbackground-image:url(https:\/\/cartoriolisboa.pt\/wp-content\/uploads\/Partilha-casal.jpg);\nbackground-position:50% 50%;\nbackground-attachment:scroll;\n}\n.avia-section.av-k8ruodqu-8d72add20413e04c888e7c4b92a35c57 .av-section-color-overlay{\nopacity:0.6;\nbackground-color:#000000;\n}\n<\/style>\n<div id='av_section_1'  class='avia-section av-k8ruodqu-8d72add20413e04c888e7c4b92a35c57 main_color avia-section-default avia-no-border-styling  avia-builder-el-0  el_before_av_section  avia-builder-el-first  avia-full-stretch avia-bg-style-scroll av-section-color-overlay-active av-minimum-height av-minimum-height-50 av-height-50  container_wrap fullsize'  data-section-bg-repeat='stretch' data-av_minimum_height_pc='50' data-av_min_height_opt='50'><div class=\"av-section-color-overlay-wrap\"><div class=\"av-section-color-overlay\"><\/div><div class='container av-section-cont-open' ><main  role=\"main\" itemprop=\"mainContentOfPage\"  class='template-page content  av-content-full alpha units'><div class='post-entry post-entry-type-page post-entry-3248'><div class='entry-content-wrapper clearfix'>\n\n<style type=\"text\/css\" data-created_by=\"avia_inline_auto\" id=\"style-css-av-vo2i-2236282b4e2cd0b230ece55b97b31666\">\n#top .av-special-heading.av-vo2i-2236282b4e2cd0b230ece55b97b31666{\nmargin:25px 0 0 0;\npadding-bottom:0;\ncolor:#ffffff;\nfont-size:55px;\n}\nbody .av-special-heading.av-vo2i-2236282b4e2cd0b230ece55b97b31666 .av-special-heading-tag .heading-char{\nfont-size:25px;\n}\n#top #wrap_all .av-special-heading.av-vo2i-2236282b4e2cd0b230ece55b97b31666 .av-special-heading-tag{\nfont-size:55px;\n}\n.av-special-heading.av-vo2i-2236282b4e2cd0b230ece55b97b31666 .special-heading-inner-border{\nborder-color:#ffffff;\n}\n.av-special-heading.av-vo2i-2236282b4e2cd0b230ece55b97b31666 .av-subheading{\nfont-size:15px;\n}\n\n@media only screen and (min-width: 480px) and (max-width: 767px){ \n#top #wrap_all .av-special-heading.av-vo2i-2236282b4e2cd0b230ece55b97b31666 .av-special-heading-tag{\nfont-size:0.8em;\n}\n}\n\n@media only screen and (max-width: 479px){ \n#top #wrap_all .av-special-heading.av-vo2i-2236282b4e2cd0b230ece55b97b31666 .av-special-heading-tag{\nfont-size:0.8em;\n}\n}\n<\/style>\n<div  class='av-special-heading av-vo2i-2236282b4e2cd0b230ece55b97b31666 av-special-heading-h1 custom-color-heading blockquote modern-quote modern-centered  avia-builder-el-1  avia-builder-el-no-sibling  av-inherit-size av-linked-heading'><h1 class='av-special-heading-tag '  itemprop=\"headline\"  >Partage du couple<\/h1><div class=\"special-heading-border\"><div class=\"special-heading-inner-border\"><\/div><\/div><\/div>\n<\/div><\/div><\/main><!-- close content main element --><\/div><\/div><\/div><div id='av_section_2'  class='avia-section av-10d9s-f6565325238af4a09c5b7410547e13b2 main_color avia-section-default avia-no-border-styling  avia-builder-el-2  el_after_av_section  avia-builder-el-last  avia-bg-style-scroll container_wrap fullsize'  ><div class='container av-section-cont-open' ><div class='template-page content  av-content-full alpha units'><div class='post-entry post-entry-type-page post-entry-3248'><div class='entry-content-wrapper clearfix'>\n<section  class='av_textblock_section av-k8rujvj4-605bbaf9ebba3e483b26959086d4676f '   itemscope=\"itemscope\" itemtype=\"https:\/\/schema.org\/CreativeWork\" ><div class='avia_textblock'  itemprop=\"text\" ><p style=\"text-align: center;\">Les relations patrimoniales entre les \u00e9poux cessent en cas de dissolution, de d\u00e9claration de nullit\u00e9 ou d\u2019annulation du mariage, de s\u00e9paration judiciaire de corps ou de simple s\u00e9paration judiciaire de biens (voir art. 1688, 1788, 1795-A et 177 du Code Civil portugais).<\/p>\n<p style=\"text-align: center;\">Lorsque l\u2019une de ces situations survient, il est n\u00e9cessaire de proc\u00e9der \u00e0 un partage des biens du couple, par lequel les \u00e9poux re\u00e7oivent leurs biens propres et leur part du patrimoine commun, apr\u00e8s que les dettes aient \u00e9t\u00e9 pay\u00e9es et que les cr\u00e9ances de chaque \u00e9poux sur l\u2019autre aient \u00e9t\u00e9 compens\u00e9es (voir art. 1689 du Code Civil portugais).<\/p>\n<p style=\"text-align: center;\">Il peut \u00eatre fait par acte notari\u00e9, lorsqu\u2019il y a un accord, ou par inventaire notari\u00e9.<\/p>\n<p style=\"text-align: center;\">Demandez plus d\u2019informations \u00e0 l\u2019\u00c9tude Notariale de Jo\u00e3o Maia Rodrigues et Diovana Barbieri.<\/p>\n<\/div><\/section>\n<\/p>\n","protected":false},"excerpt":{"rendered":"","protected":false},"author":1,"featured_media":0,"parent":3918,"menu_order":3,"comment_status":"closed","ping_status":"closed","template":"","meta":{"footnotes":""},"class_list":["post-3248","page","type-page","status-publish","hentry"],"yoast_head":"<!-- This site is optimized with the Yoast SEO plugin v27.4 - https:\/\/yoast.com\/product\/yoast-seo-wordpress\/ -->\n<title>Partage du couple | Jo\u00e3o Maia Rodrigues<\/title>\n<meta name=\"description\" content=\"Les relations patrimoniales entre les \u00e9poux cessent en cas de dissolution, de d\u00e9claration de nullit\u00e9 ou d\u2019annulation du mariage, de s\u00e9paration judiciaire de corps ou de simple s\u00e9paration judiciaire de biens (voir art. 1688, 1788, 1795-A et 177 du Code Civil portugais).\" \/>\n<meta name=\"robots\" content=\"index, follow, max-snippet:-1, max-image-preview:large, max-video-preview:-1\" \/>\n<link rel=\"canonical\" href=\"https:\/\/cartoriolisboa.pt\/fr\/famille\/partage-du-couple\/\" \/>\n<meta property=\"og:locale\" content=\"fr_FR\" \/>\n<meta property=\"og:type\" content=\"article\" \/>\n<meta property=\"og:title\" content=\"Partage du couple | Jo\u00e3o Maia Rodrigues\" \/>\n<meta property=\"og:description\" content=\"Les relations patrimoniales entre les \u00e9poux cessent en cas de dissolution, de d\u00e9claration de nullit\u00e9 ou d\u2019annulation du mariage, de s\u00e9paration judiciaire de corps ou de simple s\u00e9paration judiciaire de biens (voir art. 1688, 1788, 1795-A et 177 du Code Civil portugais).\" \/>\n<meta property=\"og:url\" content=\"https:\/\/cartoriolisboa.pt\/fr\/famille\/partage-du-couple\/\" \/>\n<meta property=\"og:site_name\" content=\"Jo\u00e3o Maia Rodrigues\" \/>\n<meta property=\"article:publisher\" content=\"https:\/\/www.facebook.com\/diovana.barbieri\" \/>\n<meta property=\"article:modified_time\" content=\"2025-03-30T15:40:28+00:00\" \/>\n<meta name=\"twitter:card\" content=\"summary_large_image\" \/>\n<meta name=\"twitter:label1\" content=\"Dur\u00e9e de lecture estim\u00e9e\" \/>\n\t<meta name=\"twitter:data1\" content=\"1 minute\" \/>\n<script type=\"application\/ld+json\" class=\"yoast-schema-graph\">{\"@context\":\"https:\\\/\\\/schema.org\",\"@graph\":[{\"@type\":\"WebPage\",\"@id\":\"https:\\\/\\\/cartoriolisboa.pt\\\/fr\\\/famille\\\/partage-du-couple\\\/\",\"url\":\"https:\\\/\\\/cartoriolisboa.pt\\\/fr\\\/famille\\\/partage-du-couple\\\/\",\"name\":\"Partage du couple | Jo\u00e3o Maia Rodrigues\",\"isPartOf\":{\"@id\":\"https:\\\/\\\/cartoriolisboa.pt\\\/fr\\\/#website\"},\"datePublished\":\"2020-10-26T15:39:39+00:00\",\"dateModified\":\"2025-03-30T15:40:28+00:00\",\"description\":\"Les relations patrimoniales entre les \u00e9poux cessent en cas de dissolution, de d\u00e9claration de nullit\u00e9 ou d\u2019annulation du mariage, de s\u00e9paration judiciaire de corps ou de simple s\u00e9paration judiciaire de biens (voir art. 1688, 1788, 1795-A et 177 du Code Civil portugais).\",\"breadcrumb\":{\"@id\":\"https:\\\/\\\/cartoriolisboa.pt\\\/fr\\\/famille\\\/partage-du-couple\\\/#breadcrumb\"},\"inLanguage\":\"fr-FR\",\"potentialAction\":[{\"@type\":\"ReadAction\",\"target\":[\"https:\\\/\\\/cartoriolisboa.pt\\\/fr\\\/famille\\\/partage-du-couple\\\/\"]}]},{\"@type\":\"BreadcrumbList\",\"@id\":\"https:\\\/\\\/cartoriolisboa.pt\\\/fr\\\/famille\\\/partage-du-couple\\\/#breadcrumb\",\"itemListElement\":[{\"@type\":\"ListItem\",\"position\":1,\"name\":\"In\u00edcio\",\"item\":\"https:\\\/\\\/cartoriolisboa.pt\\\/fr\\\/home\\\/\"},{\"@type\":\"ListItem\",\"position\":2,\"name\":\"Partage du couple\"}]},{\"@type\":\"WebSite\",\"@id\":\"https:\\\/\\\/cartoriolisboa.pt\\\/fr\\\/#website\",\"url\":\"https:\\\/\\\/cartoriolisboa.pt\\\/fr\\\/\",\"name\":\"Diovana Barbieri\",\"description\":\"Cart\u00f3rio Notarial\",\"publisher\":{\"@id\":\"https:\\\/\\\/cartoriolisboa.pt\\\/fr\\\/#organization\"},\"potentialAction\":[{\"@type\":\"SearchAction\",\"target\":{\"@type\":\"EntryPoint\",\"urlTemplate\":\"https:\\\/\\\/cartoriolisboa.pt\\\/fr\\\/?s={search_term_string}\"},\"query-input\":{\"@type\":\"PropertyValueSpecification\",\"valueRequired\":true,\"valueName\":\"search_term_string\"}}],\"inLanguage\":\"fr-FR\"},{\"@type\":\"Organization\",\"@id\":\"https:\\\/\\\/cartoriolisboa.pt\\\/fr\\\/#organization\",\"name\":\"Diovana Barbieri\",\"url\":\"https:\\\/\\\/cartoriolisboa.pt\\\/fr\\\/\",\"logo\":{\"@type\":\"ImageObject\",\"inLanguage\":\"fr-FR\",\"@id\":\"https:\\\/\\\/cartoriolisboa.pt\\\/fr\\\/#\\\/schema\\\/logo\\\/image\\\/\",\"url\":\"\",\"contentUrl\":\"\",\"caption\":\"Diovana Barbieri\"},\"image\":{\"@id\":\"https:\\\/\\\/cartoriolisboa.pt\\\/fr\\\/#\\\/schema\\\/logo\\\/image\\\/\"},\"sameAs\":[\"https:\\\/\\\/www.facebook.com\\\/diovana.barbieri\",\"https:\\\/\\\/pt.linkedin.com\\\/in\\\/diovana-barbieri-95741717\"]}]}<\/script>\n<!-- \/ Yoast SEO plugin. -->","yoast_head_json":{"title":"Partage du couple | Jo\u00e3o Maia Rodrigues","description":"Les relations patrimoniales entre les \u00e9poux cessent en cas de dissolution, de d\u00e9claration de nullit\u00e9 ou d\u2019annulation du mariage, de s\u00e9paration judiciaire de corps ou de simple s\u00e9paration judiciaire de biens (voir art. 1688, 1788, 1795-A et 177 du Code Civil portugais).","robots":{"index":"index","follow":"follow","max-snippet":"max-snippet:-1","max-image-preview":"max-image-preview:large","max-video-preview":"max-video-preview:-1"},"canonical":"https:\/\/cartoriolisboa.pt\/fr\/famille\/partage-du-couple\/","og_locale":"fr_FR","og_type":"article","og_title":"Partage du couple | Jo\u00e3o Maia Rodrigues","og_description":"Les relations patrimoniales entre les \u00e9poux cessent en cas de dissolution, de d\u00e9claration de nullit\u00e9 ou d\u2019annulation du mariage, de s\u00e9paration judiciaire de corps ou de simple s\u00e9paration judiciaire de biens (voir art. 1688, 1788, 1795-A et 177 du Code Civil portugais).","og_url":"https:\/\/cartoriolisboa.pt\/fr\/famille\/partage-du-couple\/","og_site_name":"Jo\u00e3o Maia Rodrigues","article_publisher":"https:\/\/www.facebook.com\/diovana.barbieri","article_modified_time":"2025-03-30T15:40:28+00:00","twitter_card":"summary_large_image","twitter_misc":{"Dur\u00e9e de lecture estim\u00e9e":"1 minute"},"schema":{"@context":"https:\/\/schema.org","@graph":[{"@type":"WebPage","@id":"https:\/\/cartoriolisboa.pt\/fr\/famille\/partage-du-couple\/","url":"https:\/\/cartoriolisboa.pt\/fr\/famille\/partage-du-couple\/","name":"Partage du couple | Jo\u00e3o Maia Rodrigues","isPartOf":{"@id":"https:\/\/cartoriolisboa.pt\/fr\/#website"},"datePublished":"2020-10-26T15:39:39+00:00","dateModified":"2025-03-30T15:40:28+00:00","description":"Les relations patrimoniales entre les \u00e9poux cessent en cas de dissolution, de d\u00e9claration de nullit\u00e9 ou d\u2019annulation du mariage, de s\u00e9paration judiciaire de corps ou de simple s\u00e9paration judiciaire de biens (voir art. 1688, 1788, 1795-A et 177 du Code Civil portugais).","breadcrumb":{"@id":"https:\/\/cartoriolisboa.pt\/fr\/famille\/partage-du-couple\/#breadcrumb"},"inLanguage":"fr-FR","potentialAction":[{"@type":"ReadAction","target":["https:\/\/cartoriolisboa.pt\/fr\/famille\/partage-du-couple\/"]}]},{"@type":"BreadcrumbList","@id":"https:\/\/cartoriolisboa.pt\/fr\/famille\/partage-du-couple\/#breadcrumb","itemListElement":[{"@type":"ListItem","position":1,"name":"In\u00edcio","item":"https:\/\/cartoriolisboa.pt\/fr\/home\/"},{"@type":"ListItem","position":2,"name":"Partage du couple"}]},{"@type":"WebSite","@id":"https:\/\/cartoriolisboa.pt\/fr\/#website","url":"https:\/\/cartoriolisboa.pt\/fr\/","name":"Diovana Barbieri","description":"Cart\u00f3rio Notarial","publisher":{"@id":"https:\/\/cartoriolisboa.pt\/fr\/#organization"},"potentialAction":[{"@type":"SearchAction","target":{"@type":"EntryPoint","urlTemplate":"https:\/\/cartoriolisboa.pt\/fr\/?s={search_term_string}"},"query-input":{"@type":"PropertyValueSpecification","valueRequired":true,"valueName":"search_term_string"}}],"inLanguage":"fr-FR"},{"@type":"Organization","@id":"https:\/\/cartoriolisboa.pt\/fr\/#organization","name":"Diovana Barbieri","url":"https:\/\/cartoriolisboa.pt\/fr\/","logo":{"@type":"ImageObject","inLanguage":"fr-FR","@id":"https:\/\/cartoriolisboa.pt\/fr\/#\/schema\/logo\/image\/","url":"","contentUrl":"","caption":"Diovana Barbieri"},"image":{"@id":"https:\/\/cartoriolisboa.pt\/fr\/#\/schema\/logo\/image\/"},"sameAs":["https:\/\/www.facebook.com\/diovana.barbieri","https:\/\/pt.linkedin.com\/in\/diovana-barbieri-95741717"]}]}},"_links":{"self":[{"href":"https:\/\/cartoriolisboa.pt\/fr\/wp-json\/wp\/v2\/pages\/3248","targetHints":{"allow":["GET"]}}],"collection":[{"href":"https:\/\/cartoriolisboa.pt\/fr\/wp-json\/wp\/v2\/pages"}],"about":[{"href":"https:\/\/cartoriolisboa.pt\/fr\/wp-json\/wp\/v2\/types\/page"}],"author":[{"embeddable":true,"href":"https:\/\/cartoriolisboa.pt\/fr\/wp-json\/wp\/v2\/users\/1"}],"replies":[{"embeddable":true,"href":"https:\/\/cartoriolisboa.pt\/fr\/wp-json\/wp\/v2\/comments?post=3248"}],"version-history":[{"count":2,"href":"https:\/\/cartoriolisboa.pt\/fr\/wp-json\/wp\/v2\/pages\/3248\/revisions"}],"predecessor-version":[{"id":3253,"href":"https:\/\/cartoriolisboa.pt\/fr\/wp-json\/wp\/v2\/pages\/3248\/revisions\/3253"}],"up":[{"embeddable":true,"href":"https:\/\/cartoriolisboa.pt\/fr\/wp-json\/wp\/v2\/pages\/3918"}],"wp:attachment":[{"href":"https:\/\/cartoriolisboa.pt\/fr\/wp-json\/wp\/v2\/media?parent=3248"}],"curies":[{"name":"wp","href":"https:\/\/api.w.org\/{rel}","templated":true}]}}