{"id":3845,"date":"2020-04-05T15:45:50","date_gmt":"2020-04-05T15:45:50","guid":{"rendered":"https:\/\/cartoriolisboa.pt\/registo-automovel\/"},"modified":"2025-04-02T17:11:54","modified_gmt":"2025-04-02T17:11:54","slug":"registre-automobile","status":"publish","type":"page","link":"https:\/\/cartoriolisboa.pt\/fr\/registre-automobile\/","title":{"rendered":"Registre automobile"},"content":{"rendered":"\n<style type=\"text\/css\" data-created_by=\"avia_inline_auto\" id=\"style-css-av-k8ruodqu-1df348de1e93740491b3e6b0a77193a4\">\n.avia-section.av-k8ruodqu-1df348de1e93740491b3e6b0a77193a4{\nbackground-repeat:no-repeat;\nbackground-image:url(https:\/\/cartoriolisboa.pt\/wp-content\/uploads\/Registo-automovel.jpg);\nbackground-position:0% 0%;\nbackground-attachment:scroll;\n}\n.avia-section.av-k8ruodqu-1df348de1e93740491b3e6b0a77193a4 .av-section-color-overlay{\nopacity:0.5;\nbackground-color:#000000;\n}\n<\/style>\n<div id='av_section_1'  class='avia-section av-k8ruodqu-1df348de1e93740491b3e6b0a77193a4 main_color avia-section-default avia-no-border-styling  avia-builder-el-0  el_before_av_section  avia-builder-el-first  avia-full-stretch avia-bg-style-scroll av-section-color-overlay-active av-minimum-height av-minimum-height-50 av-height-50  container_wrap fullsize'  data-section-bg-repeat='stretch' data-av_minimum_height_pc='50' data-av_min_height_opt='50'><div class=\"av-section-color-overlay-wrap\"><div class=\"av-section-color-overlay\"><\/div><div class='container av-section-cont-open' ><main  role=\"main\" itemprop=\"mainContentOfPage\"  class='template-page content  av-content-full alpha units'><div class='post-entry post-entry-type-page post-entry-3845'><div class='entry-content-wrapper clearfix'>\n\n<style type=\"text\/css\" data-created_by=\"avia_inline_auto\" id=\"style-css-av-1d4cd-99fe995801ea1232b282a62e62b14e63\">\n#top .av-special-heading.av-1d4cd-99fe995801ea1232b282a62e62b14e63{\nmargin:25px 0 0 0;\npadding-bottom:0;\ncolor:#ffffff;\nfont-size:55px;\n}\nbody .av-special-heading.av-1d4cd-99fe995801ea1232b282a62e62b14e63 .av-special-heading-tag .heading-char{\nfont-size:25px;\n}\n#top #wrap_all .av-special-heading.av-1d4cd-99fe995801ea1232b282a62e62b14e63 .av-special-heading-tag{\nfont-size:55px;\n}\n.av-special-heading.av-1d4cd-99fe995801ea1232b282a62e62b14e63 .special-heading-inner-border{\nborder-color:#ffffff;\n}\n.av-special-heading.av-1d4cd-99fe995801ea1232b282a62e62b14e63 .av-subheading{\nfont-size:15px;\n}\n\n@media only screen and (min-width: 480px) and (max-width: 767px){ \n#top #wrap_all .av-special-heading.av-1d4cd-99fe995801ea1232b282a62e62b14e63 .av-special-heading-tag{\nfont-size:0.8em;\n}\n}\n\n@media only screen and (max-width: 479px){ \n#top #wrap_all .av-special-heading.av-1d4cd-99fe995801ea1232b282a62e62b14e63 .av-special-heading-tag{\nfont-size:0.8em;\n}\n}\n<\/style>\n<div  class='av-special-heading av-1d4cd-99fe995801ea1232b282a62e62b14e63 av-special-heading-h1 custom-color-heading blockquote modern-quote modern-centered  avia-builder-el-1  el_before_av_textblock  avia-builder-el-first  av-inherit-size av-linked-heading'><h1 class='av-special-heading-tag '  itemprop=\"headline\"  >Registre automobile<\/h1><div class=\"special-heading-border\"><div class=\"special-heading-inner-border\"><\/div><\/div><\/div>\n\n<style type=\"text\/css\" data-created_by=\"avia_inline_auto\" id=\"style-css-av-k8rujvj4-c01ac64d711fbfae2efdf8fb17ee224a\">\n#top .av_textblock_section.av-k8rujvj4-c01ac64d711fbfae2efdf8fb17ee224a .avia_textblock{\nfont-size:20px;\ncolor:#ffffff;\n}\n<\/style>\n<section  class='av_textblock_section av-k8rujvj4-c01ac64d711fbfae2efdf8fb17ee224a '   itemscope=\"itemscope\" itemtype=\"https:\/\/schema.org\/CreativeWork\" ><div class='avia_textblock av_inherit_color'  itemprop=\"text\" ><p style=\"text-align: center;\">Au bureau des notaires Jo\u00e3o Maia Rodrigues et Diovana Barbieri, vous pouvez immatriculer la voiture \u00e0 votre nom simplement et rapidement, sans attendre.<\/p>\n<\/div><\/section>\n<\/div><\/div><\/main><!-- close content main element --><\/div><\/div><\/div><div id='av_section_2'  class='avia-section av-10d9s-f6565325238af4a09c5b7410547e13b2 main_color avia-section-default avia-no-border-styling  avia-builder-el-3  el_after_av_section  avia-builder-el-last  avia-bg-style-scroll container_wrap fullsize'  ><div class='container av-section-cont-open' ><div class='template-page content  av-content-full alpha units'><div class='post-entry post-entry-type-page post-entry-3845'><div class='entry-content-wrapper clearfix'>\n\n<style type=\"text\/css\" data-created_by=\"avia_inline_auto\" id=\"style-css-av-nui0-222f9750be87996631fa712d5e43d62f\">\n.flex_column.av-nui0-222f9750be87996631fa712d5e43d62f{\nborder-radius:0px 0px 0px 0px;\npadding:0px 0px 0px 0px;\n}\n<\/style>\n<div  class='flex_column av-nui0-222f9750be87996631fa712d5e43d62f av_one_half  avia-builder-el-4  el_before_av_one_half  avia-builder-el-first  first flex_column_div av-zero-column-padding  '     ><p><section  class='av_textblock_section av-k8uuvav8-5e2180cbe58271db147f65d6e330ebf0 '   itemscope=\"itemscope\" itemtype=\"https:\/\/schema.org\/CreativeWork\" ><div class='avia_textblock'  itemprop=\"text\" ><p>Au bureau des notaires Jo\u00e3o Maia Rodrigues et Diovana Barbieri, vous pouvez immatriculer la voiture \u00e0 votre nom simplement et rapidement, sans attendre.<\/p>\n<p>Si vous avez achet\u00e9 votre voiture \u00e0 un professionnel ou \u00e0 un particulier, il suffit de vous munir de la demande d\u2019immatriculation sign\u00e9e par le vendeur et l\u2019acheteur, de la carte grise ou de l\u2019ancienne carte grise.\u00a0Vous pouvez remplir le formulaire de demande de carte grise \u00e0 l\u2019\u00c9tude Notariale.<\/p>\n<\/div><\/section><br \/>\n<div  class='avia-button-wrap av-k8uwfpfn-9c778aadc2c7a2b1771837f230ba5200-wrap avia-button-left  avia-builder-el-6  el_after_av_textblock  el_before_av_textblock '><a href='https:\/\/justica.gov.pt\/Portals\/0\/IRN\/DUA_modelo_unico.pdf?ver=2017-08-25-112650-403'  class='avia-button av-k8uwfpfn-9c778aadc2c7a2b1771837f230ba5200 av-link-btn avia-icon_select-no avia-size-large avia-position-left avia-color-theme-color'  target=\"_blank\"  rel=\"noopener noreferrer\"  aria-label=\"DEMANDE DE CARTE GRISE\"><span class='avia_iconbox_title' >DEMANDE DE CARTE GRISE<\/span><\/a><\/div><br \/>\n<section  class='av_textblock_section av-k8uuvav8-5e2180cbe58271db147f65d6e330ebf0 '   itemscope=\"itemscope\" itemtype=\"https:\/\/schema.org\/CreativeWork\" ><div class='avia_textblock'  itemprop=\"text\" ><p>Il est \u00e9galement possible de demander un certificat de l\u2019immatriculation en ligne, ce qui permet de disposer \u00e0 tout moment des informations figurant sur l\u2019immatriculation du v\u00e9hicule.<\/p>\n<\/div><\/section><\/p><\/div>\n<style type=\"text\/css\" data-created_by=\"avia_inline_auto\" id=\"style-css-av-nui0-e6b98794efc1fc1db5b9a150bdcd65c2\">\n.flex_column.av-nui0-e6b98794efc1fc1db5b9a150bdcd65c2{\nborder-radius:0px 0px 0px 0px;\npadding:0px 0px 0px 0px;\n}\n<\/style>\n<div  class='flex_column av-nui0-e6b98794efc1fc1db5b9a150bdcd65c2 av_one_half  avia-builder-el-8  el_after_av_one_half  el_before_av_textblock  flex_column_div av-zero-column-padding  '     ><p>\n<style type=\"text\/css\" data-created_by=\"avia_inline_auto\" id=\"style-css-av-15xxl-8c831452839613985e304f896ac019d9\">\n#top .av-special-heading.av-15xxl-8c831452839613985e304f896ac019d9{\npadding-bottom:10px;\n}\nbody .av-special-heading.av-15xxl-8c831452839613985e304f896ac019d9 .av-special-heading-tag .heading-char{\nfont-size:25px;\n}\n.av-special-heading.av-15xxl-8c831452839613985e304f896ac019d9 .av-subheading{\nfont-size:15px;\n}\n<\/style>\n<div  class='av-special-heading av-15xxl-8c831452839613985e304f896ac019d9 av-special-heading-h3 blockquote modern-quote  avia-builder-el-9  el_before_av_textblock  avia-builder-el-first  av-linked-heading'><h3 class='av-special-heading-tag '  itemprop=\"headline\"  >Types de registre<\/h3><div class=\"special-heading-border\"><div class=\"special-heading-inner-border\"><\/div><\/div><\/div><br \/>\n<section  class='av_textblock_section av-k8uuvav8-5e2180cbe58271db147f65d6e330ebf0 '   itemscope=\"itemscope\" itemtype=\"https:\/\/schema.org\/CreativeWork\" ><div class='avia_textblock'  itemprop=\"text\" ><ul class=\"list\">\n<li>Changement de nom ou de raison sociale<\/li>\n<li>Changement de r\u00e9sidence ou de si\u00e8ge social<\/li>\n<li>Enregistrement et annulation des contrats de cr\u00e9dit-bail<\/li>\n<li>Titre de propri\u00e9t\u00e9, si vous avez achet\u00e9 votre voiture<\/li>\n<li>Premi\u00e8re immatriculation apr\u00e8s la l\u00e9galisation de votre v\u00e9hicule<\/li>\n<li>Immatriculation et annulation de la r\u00e9serve de propri\u00e9t\u00e9, si vous avez achet\u00e9 votre voiture \u00e0 cr\u00e9dit<\/li>\n<li>Deuxi\u00e8me exemplaire de la carte grise pour cause de destruction ou de perte<\/li>\n<\/ul>\n<\/div><\/section><\/p><\/div><section  class='av_textblock_section av-k8uuvav8-5e2180cbe58271db147f65d6e330ebf0 '   itemscope=\"itemscope\" itemtype=\"https:\/\/schema.org\/CreativeWork\" ><div class='avia_textblock'  itemprop=\"text\" ><p>\u00c0 l\u2019\u00c9tude Notariale Jo\u00e3o Maia Rodrigues et Diovana Barbieri, vous pourrez immatriculer votre voiture \u00e0 votre nom de mani\u00e8re simple et rapide.<\/p>\n<\/div><\/section>\n<\/p>\n","protected":false},"excerpt":{"rendered":"","protected":false},"author":1,"featured_media":0,"parent":0,"menu_order":2,"comment_status":"closed","ping_status":"closed","template":"","meta":{"footnotes":""},"class_list":["post-3845","page","type-page","status-publish","hentry"],"yoast_head":"<!-- This site is optimized with the Yoast SEO plugin v27.4 - https:\/\/yoast.com\/product\/yoast-seo-wordpress\/ -->\n<title>Registre automobile | Jo\u00e3o Maia Rodrigues<\/title>\n<meta name=\"description\" content=\"Au bureau des notaires Jo\u00e3o Maia Rodrigues et Diovana Barbieri, vous pouvez immatriculer la voiture \u00e0 votre nom simplement et rapidement, sans attendre.\" \/>\n<meta name=\"robots\" content=\"index, follow, max-snippet:-1, max-image-preview:large, max-video-preview:-1\" \/>\n<link rel=\"canonical\" href=\"https:\/\/cartoriolisboa.pt\/fr\/registre-automobile\/\" \/>\n<meta property=\"og:locale\" content=\"fr_FR\" \/>\n<meta property=\"og:type\" content=\"article\" \/>\n<meta property=\"og:title\" content=\"Registre automobile | Jo\u00e3o Maia Rodrigues\" \/>\n<meta property=\"og:description\" content=\"Au bureau des notaires Jo\u00e3o Maia Rodrigues et Diovana Barbieri, vous pouvez immatriculer la voiture \u00e0 votre nom simplement et rapidement, sans attendre.\" \/>\n<meta property=\"og:url\" content=\"https:\/\/cartoriolisboa.pt\/fr\/registre-automobile\/\" \/>\n<meta property=\"og:site_name\" content=\"Jo\u00e3o Maia Rodrigues\" \/>\n<meta property=\"article:publisher\" content=\"https:\/\/www.facebook.com\/diovana.barbieri\" \/>\n<meta property=\"article:modified_time\" content=\"2025-04-02T17:11:54+00:00\" \/>\n<meta name=\"twitter:card\" content=\"summary_large_image\" \/>\n<meta name=\"twitter:label1\" content=\"Dur\u00e9e de lecture estim\u00e9e\" \/>\n\t<meta name=\"twitter:data1\" content=\"2 minutes\" \/>\n<script type=\"application\/ld+json\" class=\"yoast-schema-graph\">{\"@context\":\"https:\\\/\\\/schema.org\",\"@graph\":[{\"@type\":\"WebPage\",\"@id\":\"https:\\\/\\\/cartoriolisboa.pt\\\/fr\\\/registre-automobile\\\/\",\"url\":\"https:\\\/\\\/cartoriolisboa.pt\\\/fr\\\/registre-automobile\\\/\",\"name\":\"Registre automobile | Jo\u00e3o Maia Rodrigues\",\"isPartOf\":{\"@id\":\"https:\\\/\\\/cartoriolisboa.pt\\\/fr\\\/#website\"},\"datePublished\":\"2020-04-05T15:45:50+00:00\",\"dateModified\":\"2025-04-02T17:11:54+00:00\",\"description\":\"Au bureau des notaires Jo\u00e3o Maia Rodrigues et Diovana Barbieri, vous pouvez immatriculer la voiture \u00e0 votre nom simplement et rapidement, sans attendre.\",\"breadcrumb\":{\"@id\":\"https:\\\/\\\/cartoriolisboa.pt\\\/fr\\\/registre-automobile\\\/#breadcrumb\"},\"inLanguage\":\"fr-FR\",\"potentialAction\":[{\"@type\":\"ReadAction\",\"target\":[\"https:\\\/\\\/cartoriolisboa.pt\\\/fr\\\/registre-automobile\\\/\"]}]},{\"@type\":\"BreadcrumbList\",\"@id\":\"https:\\\/\\\/cartoriolisboa.pt\\\/fr\\\/registre-automobile\\\/#breadcrumb\",\"itemListElement\":[{\"@type\":\"ListItem\",\"position\":1,\"name\":\"In\u00edcio\",\"item\":\"https:\\\/\\\/cartoriolisboa.pt\\\/fr\\\/home\\\/\"},{\"@type\":\"ListItem\",\"position\":2,\"name\":\"Registre automobile\"}]},{\"@type\":\"WebSite\",\"@id\":\"https:\\\/\\\/cartoriolisboa.pt\\\/fr\\\/#website\",\"url\":\"https:\\\/\\\/cartoriolisboa.pt\\\/fr\\\/\",\"name\":\"Diovana Barbieri\",\"description\":\"Cart\u00f3rio Notarial\",\"publisher\":{\"@id\":\"https:\\\/\\\/cartoriolisboa.pt\\\/fr\\\/#organization\"},\"potentialAction\":[{\"@type\":\"SearchAction\",\"target\":{\"@type\":\"EntryPoint\",\"urlTemplate\":\"https:\\\/\\\/cartoriolisboa.pt\\\/fr\\\/?s={search_term_string}\"},\"query-input\":{\"@type\":\"PropertyValueSpecification\",\"valueRequired\":true,\"valueName\":\"search_term_string\"}}],\"inLanguage\":\"fr-FR\"},{\"@type\":\"Organization\",\"@id\":\"https:\\\/\\\/cartoriolisboa.pt\\\/fr\\\/#organization\",\"name\":\"Diovana Barbieri\",\"url\":\"https:\\\/\\\/cartoriolisboa.pt\\\/fr\\\/\",\"logo\":{\"@type\":\"ImageObject\",\"inLanguage\":\"fr-FR\",\"@id\":\"https:\\\/\\\/cartoriolisboa.pt\\\/fr\\\/#\\\/schema\\\/logo\\\/image\\\/\",\"url\":\"\",\"contentUrl\":\"\",\"caption\":\"Diovana Barbieri\"},\"image\":{\"@id\":\"https:\\\/\\\/cartoriolisboa.pt\\\/fr\\\/#\\\/schema\\\/logo\\\/image\\\/\"},\"sameAs\":[\"https:\\\/\\\/www.facebook.com\\\/diovana.barbieri\",\"https:\\\/\\\/pt.linkedin.com\\\/in\\\/diovana-barbieri-95741717\"]}]}<\/script>\n<!-- \/ Yoast SEO plugin. -->","yoast_head_json":{"title":"Registre automobile | Jo\u00e3o Maia Rodrigues","description":"Au bureau des notaires Jo\u00e3o Maia Rodrigues et Diovana Barbieri, vous pouvez immatriculer la voiture \u00e0 votre nom simplement et rapidement, sans attendre.","robots":{"index":"index","follow":"follow","max-snippet":"max-snippet:-1","max-image-preview":"max-image-preview:large","max-video-preview":"max-video-preview:-1"},"canonical":"https:\/\/cartoriolisboa.pt\/fr\/registre-automobile\/","og_locale":"fr_FR","og_type":"article","og_title":"Registre automobile | Jo\u00e3o Maia Rodrigues","og_description":"Au bureau des notaires Jo\u00e3o Maia Rodrigues et Diovana Barbieri, vous pouvez immatriculer la voiture \u00e0 votre nom simplement et rapidement, sans attendre.","og_url":"https:\/\/cartoriolisboa.pt\/fr\/registre-automobile\/","og_site_name":"Jo\u00e3o Maia Rodrigues","article_publisher":"https:\/\/www.facebook.com\/diovana.barbieri","article_modified_time":"2025-04-02T17:11:54+00:00","twitter_card":"summary_large_image","twitter_misc":{"Dur\u00e9e de lecture estim\u00e9e":"2 minutes"},"schema":{"@context":"https:\/\/schema.org","@graph":[{"@type":"WebPage","@id":"https:\/\/cartoriolisboa.pt\/fr\/registre-automobile\/","url":"https:\/\/cartoriolisboa.pt\/fr\/registre-automobile\/","name":"Registre automobile | Jo\u00e3o Maia Rodrigues","isPartOf":{"@id":"https:\/\/cartoriolisboa.pt\/fr\/#website"},"datePublished":"2020-04-05T15:45:50+00:00","dateModified":"2025-04-02T17:11:54+00:00","description":"Au bureau des notaires Jo\u00e3o Maia Rodrigues et Diovana Barbieri, vous pouvez immatriculer la voiture \u00e0 votre nom simplement et rapidement, sans attendre.","breadcrumb":{"@id":"https:\/\/cartoriolisboa.pt\/fr\/registre-automobile\/#breadcrumb"},"inLanguage":"fr-FR","potentialAction":[{"@type":"ReadAction","target":["https:\/\/cartoriolisboa.pt\/fr\/registre-automobile\/"]}]},{"@type":"BreadcrumbList","@id":"https:\/\/cartoriolisboa.pt\/fr\/registre-automobile\/#breadcrumb","itemListElement":[{"@type":"ListItem","position":1,"name":"In\u00edcio","item":"https:\/\/cartoriolisboa.pt\/fr\/home\/"},{"@type":"ListItem","position":2,"name":"Registre automobile"}]},{"@type":"WebSite","@id":"https:\/\/cartoriolisboa.pt\/fr\/#website","url":"https:\/\/cartoriolisboa.pt\/fr\/","name":"Diovana Barbieri","description":"Cart\u00f3rio Notarial","publisher":{"@id":"https:\/\/cartoriolisboa.pt\/fr\/#organization"},"potentialAction":[{"@type":"SearchAction","target":{"@type":"EntryPoint","urlTemplate":"https:\/\/cartoriolisboa.pt\/fr\/?s={search_term_string}"},"query-input":{"@type":"PropertyValueSpecification","valueRequired":true,"valueName":"search_term_string"}}],"inLanguage":"fr-FR"},{"@type":"Organization","@id":"https:\/\/cartoriolisboa.pt\/fr\/#organization","name":"Diovana Barbieri","url":"https:\/\/cartoriolisboa.pt\/fr\/","logo":{"@type":"ImageObject","inLanguage":"fr-FR","@id":"https:\/\/cartoriolisboa.pt\/fr\/#\/schema\/logo\/image\/","url":"","contentUrl":"","caption":"Diovana Barbieri"},"image":{"@id":"https:\/\/cartoriolisboa.pt\/fr\/#\/schema\/logo\/image\/"},"sameAs":["https:\/\/www.facebook.com\/diovana.barbieri","https:\/\/pt.linkedin.com\/in\/diovana-barbieri-95741717"]}]}},"_links":{"self":[{"href":"https:\/\/cartoriolisboa.pt\/fr\/wp-json\/wp\/v2\/pages\/3845","targetHints":{"allow":["GET"]}}],"collection":[{"href":"https:\/\/cartoriolisboa.pt\/fr\/wp-json\/wp\/v2\/pages"}],"about":[{"href":"https:\/\/cartoriolisboa.pt\/fr\/wp-json\/wp\/v2\/types\/page"}],"author":[{"embeddable":true,"href":"https:\/\/cartoriolisboa.pt\/fr\/wp-json\/wp\/v2\/users\/1"}],"replies":[{"embeddable":true,"href":"https:\/\/cartoriolisboa.pt\/fr\/wp-json\/wp\/v2\/comments?post=3845"}],"version-history":[{"count":2,"href":"https:\/\/cartoriolisboa.pt\/fr\/wp-json\/wp\/v2\/pages\/3845\/revisions"}],"predecessor-version":[{"id":3850,"href":"https:\/\/cartoriolisboa.pt\/fr\/wp-json\/wp\/v2\/pages\/3845\/revisions\/3850"}],"wp:attachment":[{"href":"https:\/\/cartoriolisboa.pt\/fr\/wp-json\/wp\/v2\/media?parent=3845"}],"curies":[{"name":"wp","href":"https:\/\/api.w.org\/{rel}","templated":true}]}}